{"id":960,"date":"2015-01-15T08:37:27","date_gmt":"2015-01-15T12:37:27","guid":{"rendered":"http:\/\/elplandehiram.org\/?page_id=960"},"modified":"2015-04-18T12:59:38","modified_gmt":"2015-04-18T16:59:38","slug":"derecho-constitucional-2do-semestre-2014-2015","status":"publish","type":"page","link":"http:\/\/elplandehiram.org\/?page_id=960","title":{"rendered":"Derecho Constitucional Enero 2015"},"content":{"rendered":"<p style=\"text-align: center;\"><strong>Prof. Hiram A. Mel\u00e9ndez Juarbe<\/strong><\/p>\n<p style=\"text-align: center;\">DERE 7018<\/p>\n<p><span style=\"color: #ff0000;\"><strong>Clase de reposici\u00f3n 18 de abril de 2015:<\/strong><\/span><\/p>\n<ul>\n<li>El audio de la clase estar\u00e1 disponible <strong><a href=\"http:\/\/elplandehiram.org\/?page_id=985\">en este enlace<\/a> <\/strong>hasta el d\u00eda del examen final.<\/li>\n<\/ul>\n<p><span style=\"color: #ff0000;\"><strong>Notas importantes para el primer d\u00eda de clases<\/strong>:<\/span><\/p>\n<ul>\n<li><strong>El prontuario del curso est\u00e1\u00a0disponible al final\u00a0de esta p\u00e1gina<\/strong>.<\/li>\n<li>A continuaci\u00f3n\u00a0encontrar\u00e1n: (1) los materiales que utilizaremos durante el semestre y los libros que deben adquirir (Parte II), (2) la asignaci\u00f3n para nuestra primera\u00a0\u00a0reuni\u00f3n (Parte III) y (3) informaci\u00f3n sobre el registro electr\u00f3nico (Parte IV).<\/li>\n<li>La clase\u00a0<strong>no se reunir\u00e1 el martes 20 de enero.\u00a0<\/strong>Nuestra\u00a0\u00a0primera sesi\u00f3n ser\u00e1 el <strong>jueves 22 de enero<\/strong>, la cual sostendremos por video conferencia (los estudiantes estar\u00e1n en el L1, y yo desde Canad\u00e1 donde me encuentro ense\u00f1ando un curso).<\/li>\n<\/ul>\n<p><strong>Sesiones<\/strong>: \u00a0Martes y Jueves: 8:00pm-9:50pm, Sal\u00f3n L-1<\/p>\n<p><strong>Horas de Oficina: \u00a0<\/strong>Mi\u00e9rcoles 10:00am-5:00pm, por cita.<\/p>\n<h1><span id=\"I-Objetivos\">I. Objetivos<\/span><\/h1>\n<div class=\"page\" title=\"Page 16\">\n<div class=\"layoutArea\">\n<div class=\"column\">\n<p>Estudiaremos las limitaciones y los poderes en las relaciones entre los gobiernos de los estados, el gobierno federal y el Estado Libre Asociado de Puerto Rico a trav\u00e9s de un examen y un estudio comparativo de la jurisprudencia del Tribunal Supremo de los Estados Unidos y del Tribunal Supremo de Puerto Rico. El curso versa fundamentalmente sobre el poder federal para reglamentar el comercio y las limitaciones que la cl\u00e1usula de comercio impone a la reglamentaci\u00f3n econ\u00f3mica de los estados, los poderes generales del Congreso y su interacci\u00f3n con los gobiernos estatales y locales, las limitaciones establecidas por el debido procedimiento de car\u00e1cter sustantivo a las reglamentaciones en el orden econ\u00f3mico y de otra \u00edndole de origen gubernamental, el derecho a la libertad de expresi\u00f3n en el orden pol\u00edtico, la cl\u00e1usula de la igual protecci\u00f3n de las leyes, y la revisi\u00f3n judicial de la acci\u00f3n legislativa.<\/p>\n<\/div>\n<\/div>\n<\/div>\n<h1><span id=\"II-Materiales\">II. Materiales<\/span><\/h1>\n<p>Utilizaremos los siguientes textos y materiales:<\/p>\n<ul>\n<li>Stone, Seidman, Sunstein, Tushnet &amp; Karlan, <strong>Constitutional Law<\/strong> (Seventh Edition, 2013) y Suplemento correspondiente\u00a0<strong>(CL)<\/strong><\/li>\n<li>Jos\u00e9 Juli\u00e1n \u00c1lvarez Gonz\u00e1lez, <strong>Derecho Constitucional de Puerto Rico y Relaciones Constitucionales con los Estados Unidos- Casos y Materiales<\/strong>, Editorial Temis (2009) <strong>(JJAG)<\/strong><\/li>\n<li>Otros materiales\u00a0estar\u00e1n disponibles en\u00a0<strong><a href=\"http:\/\/h2o.law.harvard.edu\/playlists\/9267\">H20<\/a><\/strong>, seg\u00fan se indique en el prontuario. Debe seguir <a href=\"http:\/\/h2o.law.harvard.edu\/playlists\/9267\">este enlace<\/a>\u00a0(algunos materiales se colocar\u00e1n\u00a0durante el semestre).<\/li>\n<\/ul>\n<h1><span id=\"III-Asignacin-Primer-Da-de-Clases-Jueves-22-de-enero\">III. \u00a0Asignaci\u00f3n \u00a0Primer D\u00eda de Clases (Jueves 22 de enero)<\/span><\/h1>\n<ol>\n<li><a href=\"http:\/\/www.ramajudicial.pr\/leyes\/constitucion\/constitucion2.pdf\">Constituci\u00f3n de Puerto Rico<\/a>\u00a0(disponible en JJAG, Ap\u00e9ndice A)<\/li>\n<li>Constituci\u00f3n de Estados Unidos\u00a0(disponible en Const Law, p\u00e1g. xli). Constituci\u00f3n y enmiendas disponibles en estos dos enlaces: <a href=\"http:\/\/www.gpo.gov\/fdsys\/pkg\/GPO-CONAN-1992\/pdf\/GPO-CONAN-1992-6.pdf\">Constituci\u00f3n<\/a>, <a href=\"http:\/\/www.gpo.gov\/fdsys\/pkg\/GPO-CONAN-1992\/pdf\/GPO-CONAN-1992-7.pdf\">Enmiendas<\/a>.<\/li>\n<li>Opini\u00f3n del Tribunal Supremo de Estados Unidos\u00a0<a href=\"http:\/\/www.supremecourt.gov\/opinions\/12pdf\/12-307_6j37.pdf\">UNITED STATES v. WINDSOR,\u00a0570 U. S. ____ (2013)<\/a>\u00a0(solamente Opini\u00f3n del Tribunal por Kennedy, versi\u00f3n <a href=\"http:\/\/www.supremecourt.gov\/opinions\/12pdf\/12-307_6j37.pdf\">original<\/a> no editada).<\/li>\n<\/ol>\n<h1><span id=\"IV-Registro-de-Estudiantes-Enero2015\">IV. Registro de Estudiantes Enero\u00a02015<\/span><\/h1>\n<p><span style=\"color: #ff0000;\">IMPORTANTE<\/span>:\u00a0<strong>Antes del primer d\u00eda de clases<\/strong> cada estudiante debe registrarse en el curso utilizando el formulario que se encuentra\u00a0a continuaci\u00f3n.\u00a0El profesor se comunicar\u00e1 con los y las estudiantes a la direcci\u00f3n electr\u00f3nica provista y presumir\u00e1 que estos correos son recibidos y le\u00eddos.<\/p>\n<p><iframe loading=\"lazy\" src=\"https:\/\/docs.google.com\/forms\/d\/1Nj__aw7TTQ0R8eLeHgf5K020tIdlhxZCKCDH2HZRlj0\/viewform?embedded=true\" width=\"760\" height=\"500\" frameborder=\"0\" marginwidth=\"0\" marginheight=\"0\">Loading&#8230;<\/iframe><\/p>\n<h2><span id=\"V-Evaluacin\">V. \u00a0Evaluaci\u00f3n<\/span><\/h2>\n<p>El m\u00e9todo de evaluaci\u00f3n constar\u00e1 de un examen al final del semestre. Para fines de la calificaci\u00f3n final, se tomar\u00e1 en cuenta la asistencia y la participaci\u00f3n informada en clase. Se observar\u00e1n rigurosamente las normas para la otorgaci\u00f3n y remoci\u00f3n de Incompletos (ver cat\u00e1logo de la Escuela de Derecho). Los Incompletos son una excepci\u00f3n y como tal se evaluar\u00e1n.<\/p>\n<p>Oportunamente, el profesor enviar\u00e1 a los estudiantes ex\u00e1menes anteriores as\u00ed como la gu\u00eda de correcci\u00f3n.<\/p>\n<h2><span id=\"VI-Necesidades-especiales\">VI. \u00a0\u00a0\u00a0\u00a0 Necesidades especiales<\/span><\/h2>\n<p>De tener necesidades especiales, no dude en comunicarse conmigo personalmente o por v\u00eda electr\u00f3nica para hacer los ajustes necesarios y lograr el acomodo razonable seg\u00fan las normas y reglamentos de la instituci\u00f3n.<\/p>\n<h1><span id=\"VII-Temario-y-Asignaciones\">VII. Temario y Asignaciones<\/span><\/h1>\n<p style=\"margin: 12px auto 6px auto; font-family: Helvetica,Arial,Sans-serif; font-style: normal; font-variant: normal; font-weight: normal; font-size: 14px; line-height: normal; font-size-adjust: none; font-stretch: normal; -x-system-font: none; display: block;\"><a style=\"text-decoration: underline;\" title=\"View Prontuario Dere Constitucional Enero 2015 on Scribd\" href=\"https:\/\/www.scribd.com\/doc\/252731162\/Prontuario-Dere-Constitucional-Enero-2015\">Prontuario Dere Constitucional Enero 2015<\/a><\/p>\n<p><iframe loading=\"lazy\" id=\"doc_79283\" class=\"scribd_iframe_embed\" src=\"https:\/\/www.scribd.com\/embeds\/252731162\/content?start_page=1&amp;view_mode=scroll&amp;show_recommendations=true\" width=\"100%\" height=\"600\" frameborder=\"0\" scrolling=\"no\" data-auto-height=\"false\" data-aspect-ratio=\"undefined\"><\/iframe>   <\/p>\n","protected":false},"excerpt":{"rendered":"<p>Prof. Hiram A. Mel\u00e9ndez Juarbe DERE 7018 Clase de reposici\u00f3n 18 de abril de 2015: El audio de la clase estar\u00e1 disponible en este enlace hasta el d\u00eda del examen final. Notas importantes para el primer d\u00eda de clases: El prontuario del curso est\u00e1\u00a0disponible al final\u00a0de esta p\u00e1gina. A continuaci\u00f3n\u00a0encontrar\u00e1n: (1) los materiales que utilizaremos &hellip; <a href=\"http:\/\/elplandehiram.org\/?page_id=960\" class=\"more-link\">Continue reading <span class=\"screen-reader-text\">Derecho Constitucional Enero 2015<\/span> <span class=\"meta-nav\">&rarr;<\/span><\/a><\/p>\n","protected":false},"author":1,"featured_media":0,"parent":44,"menu_order":0,"comment_status":"closed","ping_status":"closed","template":"","meta":[],"_links":{"self":[{"href":"http:\/\/elplandehiram.org\/index.php?rest_route=\/wp\/v2\/pages\/960"}],"collection":[{"href":"http:\/\/elplandehiram.org\/index.php?rest_route=\/wp\/v2\/pages"}],"about":[{"href":"http:\/\/elplandehiram.org\/index.php?rest_route=\/wp\/v2\/types\/page"}],"author":[{"embeddable":true,"href":"http:\/\/elplandehiram.org\/index.php?rest_route=\/wp\/v2\/users\/1"}],"replies":[{"embeddable":true,"href":"http:\/\/elplandehiram.org\/index.php?rest_route=%2Fwp%2Fv2%2Fcomments&post=960"}],"version-history":[{"count":9,"href":"http:\/\/elplandehiram.org\/index.php?rest_route=\/wp\/v2\/pages\/960\/revisions"}],"predecessor-version":[{"id":988,"href":"http:\/\/elplandehiram.org\/index.php?rest_route=\/wp\/v2\/pages\/960\/revisions\/988"}],"up":[{"embeddable":true,"href":"http:\/\/elplandehiram.org\/index.php?rest_route=\/wp\/v2\/pages\/44"}],"wp:attachment":[{"href":"http:\/\/elplandehiram.org\/index.php?rest_route=%2Fwp%2Fv2%2Fmedia&parent=960"}],"curies":[{"name":"wp","href":"https:\/\/api.w.org\/{rel}","templated":true}]}}