{"id":862,"date":"2014-07-29T17:13:22","date_gmt":"2014-07-29T21:13:22","guid":{"rendered":"http:\/\/elplandehiram.org\/?page_id=862"},"modified":"2014-08-12T10:15:58","modified_gmt":"2014-08-12T14:15:58","slug":"derechos-de-autor-primer-semestre-2014-2015","status":"publish","type":"page","link":"http:\/\/elplandehiram.org\/?page_id=862","title":{"rendered":"Derechos de Autor Agosto 2014-2015"},"content":{"rendered":"<p align=\"center\"><span style=\"font-weight: bold;\">Prof. Hiram Mel\u00e9ndez Juarbe<\/span><\/p>\n<p><span style=\"color: #ff0000;\"><strong>Informaci\u00f3n Importante para la primera clase<\/strong><\/span>:<\/p>\n<p>1. Antes del primer d\u00eda de clases, cada estudiante debe registrarse en el curso utilizando el formulario que se encuentra en <a href=\"http:\/\/elplandehiram.org\/?page_id=862#V-Registro-Electrnico\">la secci\u00f3n V de este prontuario y en este enlace. <\/a><\/p>\n<p>2.\u00a0Para la primera clase, debe leer el caso <a href=\"http:\/\/docs.justia.com\/cases\/federal\/appellate-courts\/ca2\/12-4547\/279\">Authors Guild v. Hathitrust<\/a>, \u00a02do Circuito, 10 de junio 2014.<\/p>\n<p>3. \u00a0Las asignaciones para el resto del semestre ser\u00e1n\u00a0colocadas en esta p\u00e1gina oportunamente. \u00a0Por lo pronto, debe adquirir el libro de texto (y su suplemento) que se menciona m\u00e1s adelante.<\/p>\n<div id=\"toc-np-container\"><p id=\"toc-np-title\">Contenido<\/p><ul class=\"no-bullets\"><li class=\"header-level-1\"><a href=\"http:\/\/elplandehiram.org\/?page_id=862#IDescripcin-del-curso\">I.\u00a0Descripci\u00f3n del curso<\/a><\/li><li class=\"header-level-1\"><a href=\"http:\/\/elplandehiram.org\/?page_id=862#II-Objetivos\">II. Objetivos<\/a><\/li><li class=\"header-level-1\"><a href=\"http:\/\/elplandehiram.org\/?page_id=862#III-Libro-y-Materiales\">III. Libro y Materiales<\/a><\/li><li class=\"header-level-1\"><a href=\"http:\/\/elplandehiram.org\/?page_id=862#IV-Evaluacin\">IV. Evaluaci\u00f3n<\/a><\/li><li class=\"header-level-1\"><a href=\"http:\/\/elplandehiram.org\/?page_id=862#V-Registro-Electrnico\">V. Registro Electr\u00f3nico<\/a><\/li><li class=\"header-level-1\"><a href=\"http:\/\/elplandehiram.org\/?page_id=862#VI-Necesidades-especiales\">VI. Necesidades especiales<\/a><\/li><li class=\"header-level-1\"><a href=\"http:\/\/elplandehiram.org\/?page_id=862#VII-Lecturas-y-Asignaciones\">VII. Lecturas y Asignaciones<\/a><\/li><\/ul><\/div>\n<p><span style=\"font-weight: bold;\">Sesiones:<\/span><span style=\"font-weight: bold;\">\u00a0\u00a0<\/span><\/p>\n<p>Martes y Jueves: 6:00-7:20,\u00a0Sal\u00f3n L-6<\/p>\n<p><span style=\"font-weight: bold;\">Horas de Oficina:\u00a0<\/span>Mi\u00e9rcoles 10:00am-5:00pm, por cita.<\/p>\n<h1><span id=\"IDescripcin-del-curso\"><span style=\"font-weight: bold;\">I.\u00a0<\/span><span style=\"font-weight: bold;\">Descripci\u00f3n del curso<\/span><\/span><\/h1>\n<p>Explora detalladamente la protecci\u00f3n legal a los derechos de autor en su dimensi\u00f3n patrimonial y moral seg\u00fan la legislaci\u00f3n federal y puertorrique\u00f1a as\u00ed como sus fundamentos te\u00f3ricos. Examina qu\u00e9 constituye una obra y los requisitos\u00a0 necesarios para su protecci\u00f3n, as\u00ed como la titularidad y transferencia de derechos, el alcance de la protecci\u00f3n as\u00ed como sus limitaciones, excepciones, criterios de evaluaci\u00f3n judicial para determinar violaciones y remedios disponibles en los tribunales. Considera adem\u00e1s el derecho de autor en el nivel internacional.<\/p>\n<h1><span id=\"II-Objetivos\">II. Objetivos<\/span><\/h1>\n<p>En este curso los y las estudiantes:<\/p>\n<ul>\n<li>Conocer\u00e1n sobre el derecho positivo, las normas, naturaleza, valores y ordenamiento del derecho de autor en su modalidad patrimonial y moral.<\/li>\n<li>Analizar\u00e1n problemas jur\u00eddicos y sistemas complejos en lo referente al sistema de Derechos de Autor.<\/li>\n<li>Aprender\u00e1n a proponer soluciones a problemas jur\u00eddicos evaluando cr\u00edticamente la adecuaci\u00f3n de las normas vigentes al mundo contempor\u00e1neo.<\/li>\n<li>Aplicar\u00e1n conceptos b\u00e1sicos y figuras jur\u00eddicas que integran la protecci\u00f3n a derechos de autor mediante el desarrollo de las destrezas propias de la disciplina.<\/li>\n<\/ul>\n<h1><span id=\"III-Libro-y-Materiales\">III. Libro y Materiales<\/span><\/h1>\n<ul>\n<li><span style=\"font-weight: bold;\">Joyce, et al., Copyright Law, 9na Edici\u00f3n (<\/span><span style=\"font-weight: bold;\">2013)<\/span><\/li>\n<li><span style=\"font-weight: bold;\">Suplemento\u00a0Joyce, et al., Copyright Law, 9na Edici\u00f3n (2014) (adem\u00e1s, los autores del libro colocan algunos casos recientes en <a href=\"http:\/\/copyright-casebook.com\">esta p\u00e1gina<\/a>)<\/span><\/li>\n<li><span style=\"font-weight: bold;\">Otros materiales a distribuirse.<\/span><\/li>\n<\/ul>\n<p><span style=\"font-weight: bold;\">*\u00a0<\/span>P\u00e1ginas en par\u00e9ntesis ( \u00a0) en el documento de\u00a0<span style=\"font-weight: bold;\">Distribuci\u00f3n de Clases<\/span>\u00a0(ver infra) s\u00f3lo deben ser\u00a0<span style=\"font-weight: bold;\">revisadas.\u00a0<\/span>Dem\u00e1s p\u00e1ginas, deber\u00e1n leerse con cuidado. \u00a0<span style=\"font-weight: bold;\">Nota sobre c\u00f3mo deben tratar el material identificado entre par\u00e9ntesis<\/span>. Est\u00e1 en una zona gris: no es opcional, pero tampoco deben leerlo con cuidado. La intenci\u00f3n es que lo ojeen; que pasen las p\u00e1ginas con noci\u00f3n de lo que se incluye en ellas. A veces har\u00e9 referencia a alg\u00fan material all\u00ed, a veces lo ignoraremos. Generalmente, no lo discutimos en clase, y tampoco viene en el examen (a menos que le dediquemos tiempo sustancial en clase).<\/p>\n<h1><span id=\"IV-Evaluacin\">IV. Evaluaci\u00f3n<\/span><\/h1>\n<p>El m\u00e9todo de evaluaci\u00f3n constar\u00e1 de un examen al final del semestre. Para fines de la calificaci\u00f3n final, se tomar\u00e1 en cuenta la asistencia y la participaci\u00f3n informada en clase. Se observar\u00e1n rigurosamente las normas para la otorgaci\u00f3n y remoci\u00f3n de Incompletos (ver cat\u00e1logo de la Escuela de Derecho). Los Incompletos son una excepci\u00f3n y como tal se evaluar\u00e1n.<\/p>\n<h1><span id=\"V-Registro-Electrnico\">V. Registro Electr\u00f3nico<\/span><\/h1>\n<p>Es indispensable que cada estudiante se registre antes del primer d\u00eda de clases, llenando el formulario que sigue.\u00a0El profesor se comunicar\u00e1 con los y las estudiantes a la direcci\u00f3n electr\u00f3nica provista y presumir\u00e1 que estos correos son recibidos y le\u00eddos.<\/p>\n<p><iframe loading=\"lazy\" src=\"https:\/\/docs.google.com\/forms\/d\/1NC2ara_2TU9F6u_Zexei5YgSr_IoLC9vOeTD8tJIpRE\/viewform?embedded=true\" width=\"760\" height=\"500\" frameborder=\"0\" marginwidth=\"0\" marginheight=\"0\">Loading&#8230;<\/iframe><\/p>\n<h1><span id=\"VI-Necesidades-especiales\">VI. Necesidades especiales<\/span><\/h1>\n<p>De tener necesidades especiales, no dude en comunicarse conmigo personalmente o por v\u00eda electr\u00f3nica para hacer los ajustes necesarios y lograr el acomodo razonable seg\u00fan las normas y reglamentos de la instituci\u00f3n.<\/p>\n<h1><span id=\"VII-Lecturas-y-Asignaciones\">VII. Lecturas y Asignaciones<\/span><\/h1>\n<p><iframe loading=\"lazy\" id=\"doc_4656\" class=\"scribd_iframe_embed\" src=\"\/\/www.scribd.com\/embeds\/235970195\/content?start_page=1&amp;view_mode=scroll&amp;access_key=key-C6YxcYrNLmlnxnpjnwPx&amp;show_recommendations=true\" width=\"100%\" height=\"600\" frameborder=\"0\" scrolling=\"no\" data-auto-height=\"false\" data-aspect-ratio=\"0.7729220222793488\"><\/iframe>   <\/p>\n","protected":false},"excerpt":{"rendered":"<p>Prof. Hiram Mel\u00e9ndez Juarbe Informaci\u00f3n Importante para la primera clase: 1. Antes del primer d\u00eda de clases, cada estudiante debe registrarse en el curso utilizando el formulario que se encuentra en la secci\u00f3n V de este prontuario y en este enlace. 2.\u00a0Para la primera clase, debe leer el caso Authors Guild v. Hathitrust, \u00a02do Circuito, &hellip; <a href=\"http:\/\/elplandehiram.org\/?page_id=862\" class=\"more-link\">Continue reading <span class=\"screen-reader-text\">Derechos de Autor Agosto 2014-2015<\/span> <span class=\"meta-nav\">&rarr;<\/span><\/a><\/p>\n","protected":false},"author":1,"featured_media":0,"parent":403,"menu_order":0,"comment_status":"closed","ping_status":"closed","template":"","meta":[],"_links":{"self":[{"href":"http:\/\/elplandehiram.org\/index.php?rest_route=\/wp\/v2\/pages\/862"}],"collection":[{"href":"http:\/\/elplandehiram.org\/index.php?rest_route=\/wp\/v2\/pages"}],"about":[{"href":"http:\/\/elplandehiram.org\/index.php?rest_route=\/wp\/v2\/types\/page"}],"author":[{"embeddable":true,"href":"http:\/\/elplandehiram.org\/index.php?rest_route=\/wp\/v2\/users\/1"}],"replies":[{"embeddable":true,"href":"http:\/\/elplandehiram.org\/index.php?rest_route=%2Fwp%2Fv2%2Fcomments&post=862"}],"version-history":[{"count":13,"href":"http:\/\/elplandehiram.org\/index.php?rest_route=\/wp\/v2\/pages\/862\/revisions"}],"predecessor-version":[{"id":901,"href":"http:\/\/elplandehiram.org\/index.php?rest_route=\/wp\/v2\/pages\/862\/revisions\/901"}],"up":[{"embeddable":true,"href":"http:\/\/elplandehiram.org\/index.php?rest_route=\/wp\/v2\/pages\/403"}],"wp:attachment":[{"href":"http:\/\/elplandehiram.org\/index.php?rest_route=%2Fwp%2Fv2%2Fmedia&parent=862"}],"curies":[{"name":"wp","href":"https:\/\/api.w.org\/{rel}","templated":true}]}}