{"id":5,"date":"2012-01-14T22:32:27","date_gmt":"2012-01-14T22:32:27","guid":{"rendered":"http:\/\/elplandehiram.org\/?page_id=5"},"modified":"2024-06-29T09:34:44","modified_gmt":"2024-06-29T13:34:44","slug":"bio","status":"publish","type":"page","link":"http:\/\/elplandehiram.org\/?page_id=5","title":{"rendered":"Bio"},"content":{"rendered":"\n<p class=\"has-drop-cap\">Hiram Mel\u00e9ndez Juarbe es Catedr\u00e1tico de la Escuela de Derecho de la Universidad de Puerto Rico. Ense\u00f1a o ha ense\u00f1ado derecho constitucional y administrativo, derecho a la intimidad y tecnolog\u00eda, derechos de autor y temas en propiedad intelectual, derecho de internet y nuevas tecnolog\u00edas. Fue fundador de la Cl\u00ednica de Nuevas Tecnolog\u00edas, Propiedad Intelectual y Sociedad as\u00ed como co-fundador y co-director legal de Creative Commons Puerto Rico. \u00a0Es egresado de la Universidad de Puerto Rico (BA 1997, JD 2000), de Harvard University (LL.M. 2002) y de New York University (LL.M. 2008, JSD 2013). Es co-fundador del blog jur\u00eddico <a href=\"http:\/\/derechoalderecho.org\">derechoalderecho.org<\/a>. Ha sido Profesor Visitante en la Universidad de Ottawa y en el Levin College of Law de la Universidad de Florida. Ha sido, adem\u00e1s, Miembro y Presidente de la Comisi\u00f3n de Derechos Civiles de Puerto Rico, Decano Asociado de la Escuela de Derecho y Ayudante Especial de la Rectora del Recinto de R\u00edo Piedras, UPR. Tambi\u00e9n ha sido miembro de la Junta Examinadora de Aspirantes al Ejercicio de la Abogac\u00eda y Presidente de la Junta de Directores de la organizaci\u00f3n Ayuda Legal Puerto Rico.<\/p>\n\n\n\n<p>Hiram Mel\u00e9ndez-Juarbe is Full Professor at the University of Puerto Rico Law School, where he teaches or has taught constitutional law, privacy and technology, copyright and intellectual property, cyberlaw, and administrative law. He is founder of the UPR New Technologies, Intellectual Property and Society Clinic and was co-legal lead of Creative Commons Puerto Rico. Hiram graduated from the University of Puerto Rico (BA 1997, JD 2000), Harvard University (LL.M. 2002) and New York University (LL.M. 2008, JSD 2013). He is co-founder of the blawg <a href=\"http:\/\/derechoalderecho.org\">derechoalderecho.org<\/a>. Hiram has been Visiting Professor at the University of Ottawa and the Leving College of Law, University of Florida. He was also a Member and President of the Puerto Rico Civil Rights Commission and has served as Associate Dean of the Law School and as Special Advisor to the UPR-RP Chancellor. He has also been a Member of the Puerto Rico Board of Bar Examiners and President of the Board of Ayuda Legal Puerto Rico.<\/p>\n\n\n\n<p>You can find Hiram&#8217;s <a href=\"http:\/\/elplandehiram.org\/wp-content\/uploads\/2021\/07\/CV-HMJ-June2021-3.pdf\">CV here<\/a>.<\/p>\n","protected":false},"excerpt":{"rendered":"<p>Hiram Mel\u00e9ndez Juarbe es Catedr\u00e1tico de la Escuela de Derecho de la Universidad de Puerto Rico. Ense\u00f1a o ha ense\u00f1ado derecho constitucional y administrativo, derecho a la intimidad y tecnolog\u00eda, derechos de autor y temas en propiedad intelectual, derecho de internet y nuevas tecnolog\u00edas. Fue fundador de la Cl\u00ednica de Nuevas Tecnolog\u00edas, Propiedad Intelectual y &hellip; <a href=\"http:\/\/elplandehiram.org\/?page_id=5\" class=\"more-link\">Continue reading <span class=\"screen-reader-text\">Bio<\/span> <span class=\"meta-nav\">&rarr;<\/span><\/a><\/p>\n","protected":false},"author":1,"featured_media":0,"parent":0,"menu_order":5,"comment_status":"closed","ping_status":"closed","template":"","meta":[],"_links":{"self":[{"href":"http:\/\/elplandehiram.org\/index.php?rest_route=\/wp\/v2\/pages\/5"}],"collection":[{"href":"http:\/\/elplandehiram.org\/index.php?rest_route=\/wp\/v2\/pages"}],"about":[{"href":"http:\/\/elplandehiram.org\/index.php?rest_route=\/wp\/v2\/types\/page"}],"author":[{"embeddable":true,"href":"http:\/\/elplandehiram.org\/index.php?rest_route=\/wp\/v2\/users\/1"}],"replies":[{"embeddable":true,"href":"http:\/\/elplandehiram.org\/index.php?rest_route=%2Fwp%2Fv2%2Fcomments&post=5"}],"version-history":[{"count":35,"href":"http:\/\/elplandehiram.org\/index.php?rest_route=\/wp\/v2\/pages\/5\/revisions"}],"predecessor-version":[{"id":2961,"href":"http:\/\/elplandehiram.org\/index.php?rest_route=\/wp\/v2\/pages\/5\/revisions\/2961"}],"wp:attachment":[{"href":"http:\/\/elplandehiram.org\/index.php?rest_route=%2Fwp%2Fv2%2Fmedia&parent=5"}],"curies":[{"name":"wp","href":"https:\/\/api.w.org\/{rel}","templated":true}]}}