{"id":254,"date":"2012-08-10T20:19:45","date_gmt":"2012-08-10T20:19:45","guid":{"rendered":"http:\/\/elplandehiram.org\/?page_id=254"},"modified":"2013-01-21T18:09:33","modified_gmt":"2013-01-21T18:09:33","slug":"teoria-del-derecho-1er-sem-2012-2013","status":"publish","type":"page","link":"http:\/\/elplandehiram.org\/?page_id=254","title":{"rendered":"Teor\u00eda del Derecho 1er Sem 2012-2013"},"content":{"rendered":"<div>\n<p style=\"text-align: left;\" align=\"center\"><strong><span style=\"color: #ff0000;\">Estudiantes Teor\u00eda del Derecho<\/span>:\u00a0<a href=\"http:\/\/elplandehiram.org\/?page_id=301\">Oprime este enlace para la p\u00e1gina del Examen<\/a>.<\/strong><\/p>\n<p style=\"text-align: center;\" align=\"center\"><strong>Prof. Hiram Mel\u00e9ndez Juarbe<\/strong><\/p>\n<p style=\"text-align: left;\" align=\"center\"><strong>Sesiones:<\/strong><strong>\u00a0<\/strong>Martes y Viernes: 8:30am-9:50am,\u00a0Sal\u00f3n L-2<\/p>\n<p><strong>Horas de Oficina:\u00a0<\/strong>Mi\u00e9rcoles 10:00am-5:00pm, por cita<\/p>\n<p><strong>I. \u00a0\u00a0\u00a0\u00a0\u00a0\u00a0\u00a0\u00a0 Descripci\u00f3n del Curso<\/strong><\/p>\n<p>Examina los temas y los problemas fundamentales de la teor\u00eda del Derecho, entre ellos las concepciones del Derecho, la validez o legitimidad de las normas, los problemas de metodolog\u00eda jur\u00eddica, los conceptos claves del orden jur\u00eddico prevaleciente, y las relaciones entre Derecho, el poder, la estructura social y la ideolog\u00eda. Discute estos temas mediante el examen de los aportes de las diversas escuelas y corrientes de pensamiento jur\u00eddico, con particular \u00e9nfasis en los desarrollos m\u00e1s recientes en la disciplina.<\/p>\n<p><strong>II.\u00a0\u00a0\u00a0\u00a0\u00a0\u00a0\u00a0 Libros y Materiales<\/strong><\/p>\n<ul>\n<li><strong>M.D.A. Freeman, LLoyd\u2019s Introduction to Jurisprudence (8va Edici\u00f3n 2008). <\/strong><\/li>\n<li><strong>H.L.A. Hart, The Concept of Law (2da Edci\u00f3n)<\/strong><\/li>\n<li><strong>Christopher Heath Wellman &amp; A. John Simmons, Is There a Duty to Obey the Law? (2005)<\/strong><\/li>\n<li><strong>Robin West, Normative Jurisprudence: An Introduction (2011)<\/strong><\/li>\n<li><strong>Lecturas Adicionales en Reserva Electr\u00f3nica<\/strong><\/li>\n<\/ul>\n<p><strong>\u00a0<\/strong><\/p>\n<p><strong>III.\u00a0\u00a0\u00a0\u00a0\u00a0\u00a0 Registro Electr\u00f3nico<\/strong><\/p>\n<p>El prontuario as\u00ed como cualquier otra informaci\u00f3n pertinente estar\u00e1 disponible en <a href=\"http:\/\/www.elplandehiram.org\/teoriadelderecho\">www.elplandehiram.org\/teoriadelderecho<\/a><\/p>\n<p>El primer d\u00eda de clases cada estudiante debe enviar un email a <a href=\"http:\/\/www.google.com\/recaptcha\/mailhide\/d?k=01l7vNKhCF9joDB15RcUcqsw==&amp;c=VuYRn9VgaS6hFlor0zgN2D5p5JFzTzkiZxY3EbBPFmc=\">esta direcci\u00f3n electr\u00f3nica<\/a>\u00a0con la siguiente frase en el asunto (sin comillas) \u201c<strong>teoria2012A<\/strong>\u201d.\u00a0\u00a0 El profesor avisar\u00e1 por correo electr\u00f3nico sobre cambios en el programa y asuntos relacionados a la clase. Estos avisos se enviar\u00e1n a la direcci\u00f3n que el estudiante utiliz\u00f3 en ese email inicial.\u00a0 El profesor presumir\u00e1 que todo env\u00edo\u00a0 a esa direcci\u00f3n es recibido correctamente.<\/p>\n<p><strong>IV.\u00a0\u00a0\u00a0\u00a0\u00a0\u00a0 Evaluaci\u00f3n<\/strong><\/p>\n<p>El m\u00e9todo de evaluaci\u00f3n constar\u00e1 de un examen al final del semestre. Dicho examen se har\u00e1 disponible en la p\u00e1gina de internet del curso a las <strong>9:00am del viernes 21 de diciembre de 2012, y deber\u00e1 ser entregado <a href=\"http:\/\/www.google.com\/recaptcha\/mailhide\/d?k=01l7vNKhCF9joDB15RcUcqsw==&amp;c=VuYRn9VgaS6hFlor0zgN2D5p5JFzTzkiZxY3EbBPFmc=\">por correo electr\u00f3nico <\/a><\/strong><strong><span style=\"text-decoration: underline;\">ese mismo d\u00eda<\/span> en o antes de las 9:00pm. <\/strong>Todos los materiales asignados durante el curso servir\u00e1n de base para el examen final, particularmente el libro de Robin West,<strong> Normative Jurisprudence: An Introduction.<\/strong><\/p>\n<p><strong>Nota: el examen debe ser enviado <span style=\"text-decoration: underline;\">desde<\/span> el correo electr\u00f3nico utilizado para el registro electr\u00f3nico descrito en la Secci\u00f3n III de este prontuario.\u00a0 No se aceptar\u00e1n escritos desde otra direcci\u00f3n. \u00a0<\/strong><\/p>\n<p>Para fines de la calificaci\u00f3n final, se tomar\u00e1 en cuenta la asistencia y la participaci\u00f3n informada en clase. Se observar\u00e1n rigurosamente las normas para la otorgaci\u00f3n y remoci\u00f3n de Incompletos (ver cat\u00e1logo de la Escuela de Derecho). Los Incompletos son una excepci\u00f3n y como tal se evaluar\u00e1n.<\/p>\n<p>El profesor podr\u00e1 a\u00f1adir otros mecanismos de evaluaci\u00f3n durante el semestre, tales como ensayos cr\u00edticos de reacci\u00f3n.<\/p>\n<p><strong>V.\u00a0 \u00a0\u00a0\u00a0\u00a0\u00a0 Necesidades especiales<\/strong><\/p>\n<p>De tener necesidades especiales, no dude en comunicarse conmigo personalmente o por v\u00eda electr\u00f3nica para hacer los ajustes necesarios y lograr el acomodo razonable seg\u00fan las normas y reglamentos de la instituci\u00f3n.<\/p>\n<\/div>\n<p>&nbsp;<\/p>\n<h2 style=\"text-align: center;\"><span id=\"\"><\/span><\/h2>\n<p><a style=\"margin: 12px auto 6px auto; font-family: Helvetica,Arial,Sans-serif; font-style: normal; font-variant: normal; font-weight: normal; font-size: 14px; line-height: normal; font-size-adjust: none; font-stretch: normal; -x-system-font: none; display: block; text-decoration: underline;\" title=\"View Teor\u00eda_BosquejoYLecturas1sem_2012-2013 on Scribd\" href=\"http:\/\/www.scribd.com\/doc\/102577183\/Teoria-BosquejoYLecturas1sem-2012-2013\">Teor\u00eda_BosquejoYLecturas1sem_2012-2013<\/a> <object id=\"doc_76627\" style=\"outline: none;\" width=\"100%\" height=\"600\" classid=\"clsid:d27cdb6e-ae6d-11cf-96b8-444553540000\" codebase=\"http:\/\/download.macromedia.com\/pub\/shockwave\/cabs\/flash\/swflash.cab#version=6,0,40,0\" name=\"doc_76627\" bgcolor=\"#ffffff\"><param name=\"wmode\" value=\"opaque\" \/><param name=\"allowFullScreen\" value=\"true\" \/><param name=\"allowScriptAccess\" value=\"always\" \/><param name=\"FlashVars\" value=\"document_id=102577183&amp;access_key=key-18u03wuzik47zfm2xb55&amp;page=1&amp;viewMode=list\" \/><param name=\"src\" value=\"http:\/\/d1.scribdassets.com\/ScribdViewer.swf\" \/><param name=\"allowscriptaccess\" value=\"always\" \/><param name=\"allowfullscreen\" value=\"true\" \/><param name=\"flashvars\" value=\"document_id=102577183&amp;access_key=key-18u03wuzik47zfm2xb55&amp;page=1&amp;viewMode=list\" \/><embed id=\"doc_76627\" style=\"outline: none;\" width=\"100%\" height=\"600\" type=\"application\/x-shockwave-flash\" src=\"http:\/\/d1.scribdassets.com\/ScribdViewer.swf\" wmode=\"opaque\" allowFullScreen=\"true\" allowScriptAccess=\"always\" FlashVars=\"document_id=102577183&amp;access_key=key-18u03wuzik47zfm2xb55&amp;page=1&amp;viewMode=list\" allowscriptaccess=\"always\" allowfullscreen=\"true\" flashvars=\"document_id=102577183&amp;access_key=key-18u03wuzik47zfm2xb55&amp;page=1&amp;viewMode=list\" name=\"doc_76627\" bgcolor=\"#ffffff\" \/><\/object>   <\/p>\n","protected":false},"excerpt":{"rendered":"<p>Estudiantes Teor\u00eda del Derecho:\u00a0Oprime este enlace para la p\u00e1gina del Examen. Prof. Hiram Mel\u00e9ndez Juarbe Sesiones:\u00a0Martes y Viernes: 8:30am-9:50am,\u00a0Sal\u00f3n L-2 Horas de Oficina:\u00a0Mi\u00e9rcoles 10:00am-5:00pm, por cita I. \u00a0\u00a0\u00a0\u00a0\u00a0\u00a0\u00a0\u00a0 Descripci\u00f3n del Curso Examina los temas y los problemas fundamentales de la teor\u00eda del Derecho, entre ellos las concepciones del Derecho, la validez o legitimidad de las &hellip; <a href=\"http:\/\/elplandehiram.org\/?page_id=254\" class=\"more-link\">Continue reading <span class=\"screen-reader-text\">Teor\u00eda del Derecho 1er Sem 2012-2013<\/span> <span class=\"meta-nav\">&rarr;<\/span><\/a><\/p>\n","protected":false},"author":1,"featured_media":0,"parent":404,"menu_order":0,"comment_status":"closed","ping_status":"closed","template":"","meta":[],"_links":{"self":[{"href":"http:\/\/elplandehiram.org\/index.php?rest_route=\/wp\/v2\/pages\/254"}],"collection":[{"href":"http:\/\/elplandehiram.org\/index.php?rest_route=\/wp\/v2\/pages"}],"about":[{"href":"http:\/\/elplandehiram.org\/index.php?rest_route=\/wp\/v2\/types\/page"}],"author":[{"embeddable":true,"href":"http:\/\/elplandehiram.org\/index.php?rest_route=\/wp\/v2\/users\/1"}],"replies":[{"embeddable":true,"href":"http:\/\/elplandehiram.org\/index.php?rest_route=%2Fwp%2Fv2%2Fcomments&post=254"}],"version-history":[{"count":10,"href":"http:\/\/elplandehiram.org\/index.php?rest_route=\/wp\/v2\/pages\/254\/revisions"}],"predecessor-version":[{"id":409,"href":"http:\/\/elplandehiram.org\/index.php?rest_route=\/wp\/v2\/pages\/254\/revisions\/409"}],"up":[{"embeddable":true,"href":"http:\/\/elplandehiram.org\/index.php?rest_route=\/wp\/v2\/pages\/404"}],"wp:attachment":[{"href":"http:\/\/elplandehiram.org\/index.php?rest_route=%2Fwp%2Fv2%2Fmedia&parent=254"}],"curies":[{"name":"wp","href":"https:\/\/api.w.org\/{rel}","templated":true}]}}