{"id":2336,"date":"2020-07-13T10:28:06","date_gmt":"2020-07-13T14:28:06","guid":{"rendered":"http:\/\/elplandehiram.org\/?page_id=2336"},"modified":"2026-02-26T09:37:40","modified_gmt":"2026-02-26T13:37:40","slug":"ejercicios-de-evaluacion-formativa-derecho-constitucional-agosto-2020","status":"publish","type":"page","link":"http:\/\/elplandehiram.org\/?page_id=2336","title":{"rendered":"Ejercicios de Evaluaci\u00f3n Formativa- Derecho Constitucional Enero 2023"},"content":{"rendered":"\n<h3 class=\"wp-block-heading\"><span id=\"\"><\/span><\/h3>\n\n\n\n<h3 class=\"wp-block-heading\"><span id=\"1-Justiciabilidad\">1.  Justiciabilidad<\/span><\/h3>\n\n\n\n<ul>\n<li>Preguntas de selecci\u00f3n m\u00faltiple para realizarse en clase: <a href=\"https:\/\/docs.google.com\/forms\/d\/e\/1FAIpQLSew_0PfOfN2rlaj45Ay6eXFJ3yFoEtJT2AI3S-jrRWKgXflQQ\/viewform\">Google Form<\/a><\/li>\n<\/ul>\n\n\n\n<h3 class=\"wp-block-heading\"><span id=\"2-Cuestin-Poltica\">2. Cuesti\u00f3n Pol\u00edtica <\/span><\/h3>\n\n\n\n<ul>\n<li><a href=\"http:\/\/elplandehiram.org\/wp-content\/uploads\/2019\/10\/Ejercicio-Justiciabilidad-pre-prueba.pdf\">Tomando en cuenta la publicaci\u00f3n del famoso <\/a><a href=\"http:\/\/periodismoinvestigativo.com\/2019\/07\/las-889-paginas-de-telegram-entre-rossello-nevares-y-sus-allegados\/\">Chat de Telegram<\/a>, considere qu\u00e9 condiciones debieron darse para que&#8211;luego de su publicaci\u00f3n&#8211; procediera el residenciamiento del Gobernador de Puerto Rico. En particular, considere hasta qu\u00e9 punto (si de alguna forma) el residenciamiento de un Gobernador es revisable por los tribunales de Puerto Rico.<\/li>\n<\/ul>\n\n\n\n<h3 class=\"wp-block-heading\"><span id=\"3-Ejercicio-de-discusin-justiciabilidad\">3. Ejercicio de discusi\u00f3n justiciabilidad<\/span><\/h3>\n\n\n\n<ul>\n<li><a href=\"http:\/\/elplandehiram.org\/wp-content\/uploads\/2019\/10\/Ejercicio-Justiciabilidad-pre-prueba.pdf\">Ejercicio de discusi\u00f3n (justiciabilidad)<\/a><\/li>\n<\/ul>\n\n\n\n<h3 class=\"wp-block-heading\"><span id=\"4-Los-poderes-del-Congreso-bajo-la-Clusula-de-Comercio-Interesatatal\">4. Los poderes del Congreso bajo la Cl\u00e1usula de Comercio Interesatatal<\/span><\/h3>\n\n\n\n<ul>\n<li>Bosqueje (es decir, enumere los puntos esenciales) de su contestaci\u00f3n a la siguiente  <a href=\"http:\/\/elplandehiram.org\/wp-content\/uploads\/2022\/03\/Pregunta-de-Evaluacio\u0301n-Formativa-Commerce-Clause.pdf\">Pregunta de Evaluaci\u00f3n Formativa sobre el Commerce Clause<\/a><\/li>\n<\/ul>\n\n\n\n<h3 class=\"wp-block-heading\"><span id=\"5-Poderes-del-Congreso-y-sus-lmites-en-las-Enmiendas-de-la-Posguerra\">5. Poderes del Congreso (y sus l\u00edmites) en las Enmiendas de la Posguerra<\/span><\/h3>\n\n\n\n<ul>\n<li>Considere este reportaje: Eriq Gardner, <strong>Senators Ask U.S. Copyright, Patent Offices to Study Infringement by States<\/strong>, <a href=\"https:\/\/www.hollywoodreporter.com\/thr-esq\/senators-ask-us-copyright-patent-offices-study-infringement-by-states-1292382\">https:\/\/www.hollywoodreporter.com\/thr-esq\/senators-ask-us-copyright-patent-offices-study-infringement-by-states-1292382<\/a> <\/li>\n\n\n\n<li>Luego eval\u00fae este <strong>Notice and Request for Public Comment<\/strong> del US Copyright Office: <a href=\"https:\/\/www.govinfo.gov\/content\/pkg\/FR-2020-06-03\/pdf\/2020-12019.pdf\">https:\/\/www.govinfo.gov\/content\/pkg\/FR-2020-06-03\/pdf\/2020-12019.pdf<\/a><\/li>\n<\/ul>\n\n\n\n<p><strong>Describa brevemente en sus propias palabras por qu\u00e9 el Copyright Office est\u00e1 solicitando  informaci\u00f3n en el Request for Public Comment y qu\u00e9 es exactamente lo que est\u00e1 buscando.  <\/strong><em> <\/em><\/p>\n\n\n\n<h3 class=\"wp-block-heading\"><span id=\"6-Limitaciones-Implcitas-al-Poder-Estatal-La-Clusula-de-Comercio\">6. Limitaciones Impl\u00edcitas al Poder Estatal: La Cl\u00e1usula de Comercio<\/span><\/h3>\n\n\n\n<ul>\n<li>Bosqueje (es decir, enumere los puntos esenciales) su contestaci\u00f3n a la siguiente <a href=\"http:\/\/elplandehiram.org\/wp-content\/uploads\/2026\/02\/Pregunta-de-Evaluacion-Formativa-Dormant-CC1.pdf\">Pregunta de Evaluaci\u00f3n Formativa sobre la dimensi\u00f3n durmiente de la Cl\u00e1usula de Comercio Interestatal <\/a><\/li>\n<\/ul>\n\n\n\n<h3 class=\"wp-block-heading\"><span id=\"7-El-requisito-de-Accin-del-Estado\">7. El requisito de Acci\u00f3n del Estado<\/span><\/h3>\n\n\n\n<p>Considere en clase los siguientes ejemplos e identifique si existen condiciones para determinar que hay acci\u00f3n del estado:<\/p>\n\n\n\n<ul>\n<li><a href=\"https:\/\/www.noticel.com\/la-calle\/-embargo-feminista-contra-la-banca-en-plaza-las-americas\/1053954352\">Embargo Feminista contra la banca en Plaza Las Am\u00e9ricas<\/a><\/li>\n\n\n\n<li><a href=\"http:\/\/elplandehiram.org\/wp-content\/uploads\/2022\/03\/Rep.-Denis-Ma\u0301rquez-denuncia-fichaje-durante-protesta-laboral-y-emplaza-al-Secretario-del-DTRH-a-que-explique-Foro-Noticioso.pdf\">Denuncia sobre fichaje en protesta<\/a><\/li>\n<\/ul>\n\n\n\n<p><\/p>\n","protected":false},"excerpt":{"rendered":"<p>1. Justiciabilidad 2. Cuesti\u00f3n Pol\u00edtica 3. Ejercicio de discusi\u00f3n justiciabilidad 4. Los poderes del Congreso bajo la Cl\u00e1usula de Comercio Interesatatal 5. Poderes del Congreso (y sus l\u00edmites) en las Enmiendas de la Posguerra Describa brevemente en sus propias palabras por qu\u00e9 el Copyright Office est\u00e1 solicitando informaci\u00f3n en el Request for Public Comment y &hellip; <a href=\"http:\/\/elplandehiram.org\/?page_id=2336\" class=\"more-link\">Continue reading <span class=\"screen-reader-text\">Ejercicios de Evaluaci\u00f3n Formativa- Derecho Constitucional Enero 2023<\/span> <span class=\"meta-nav\">&rarr;<\/span><\/a><\/p>\n","protected":false},"author":1,"featured_media":0,"parent":2332,"menu_order":0,"comment_status":"closed","ping_status":"closed","template":"","meta":[],"_links":{"self":[{"href":"http:\/\/elplandehiram.org\/index.php?rest_route=\/wp\/v2\/pages\/2336"}],"collection":[{"href":"http:\/\/elplandehiram.org\/index.php?rest_route=\/wp\/v2\/pages"}],"about":[{"href":"http:\/\/elplandehiram.org\/index.php?rest_route=\/wp\/v2\/types\/page"}],"author":[{"embeddable":true,"href":"http:\/\/elplandehiram.org\/index.php?rest_route=\/wp\/v2\/users\/1"}],"replies":[{"embeddable":true,"href":"http:\/\/elplandehiram.org\/index.php?rest_route=%2Fwp%2Fv2%2Fcomments&post=2336"}],"version-history":[{"count":13,"href":"http:\/\/elplandehiram.org\/index.php?rest_route=\/wp\/v2\/pages\/2336\/revisions"}],"predecessor-version":[{"id":3215,"href":"http:\/\/elplandehiram.org\/index.php?rest_route=\/wp\/v2\/pages\/2336\/revisions\/3215"}],"up":[{"embeddable":true,"href":"http:\/\/elplandehiram.org\/index.php?rest_route=\/wp\/v2\/pages\/2332"}],"wp:attachment":[{"href":"http:\/\/elplandehiram.org\/index.php?rest_route=%2Fwp%2Fv2%2Fmedia&parent=2336"}],"curies":[{"name":"wp","href":"https:\/\/api.w.org\/{rel}","templated":true}]}}