{"id":1884,"date":"2019-07-21T12:41:22","date_gmt":"2019-07-21T16:41:22","guid":{"rendered":"http:\/\/elplandehiram.org\/?page_id=1884"},"modified":"2019-12-10T13:10:07","modified_gmt":"2019-12-10T17:10:07","slug":"taller-intensivo-para-la-redaccion-de-escritos-juridicos-diciembre-2019","status":"publish","type":"page","link":"http:\/\/elplandehiram.org\/?page_id=1884","title":{"rendered":"Taller Intensivo para la Redacci\u00f3n de Escritos Jur\u00eddicos, Diciembre 2019"},"content":{"rendered":"\n<p class=\"has-text-align-center\"><strong>Prof. Hiram Mel\u00e9ndez Juarbe<\/strong><\/p>\n\n\n\n<p class=\"has-text-align-center\"><strong>Correo Electr\u00f3nico, en este enlace:&nbsp;<\/strong><a href=\"http:\/\/scr.im\/melendez\">http:\/\/scr.im\/melendez<\/a><\/p>\n\n\n\n<p class=\"has-text-align-center\"><strong>D\u00edas : <\/strong>Martes 17 a S\u00e1bado 21 de enero <\/p>\n\n\n\n<p class=\"has-text-align-center\"><strong>Horario<\/strong>: Martes-Viernes 6:15-8:55; S\u00e1bado TBD<\/p>\n\n\n\n<p class=\"has-text-align-center\"><strong>Sal\u00f3n:<\/strong> L-6<\/p>\n\n\n\n<p><\/p>\n\n\n\n<p class=\"has-text-align-center\"><strong>Horas de Oficina<\/strong><\/p>\n\n\n\n<p class=\"has-text-align-center\">Lunes: 10:00am \u2013 12:00pm<br>Martes: 8:30am \u2013 10:30am<br>Jueves: 10:00am \u2013 12:00pm<\/p>\n\n\n\n<h2 class=\"wp-block-heading\">I. Descripci\u00f3n&nbsp;<\/h2>\n\n\n\n<p>Con \u00e9nfasis en proyectos de investigaci\u00f3n para tesis de maestr\u00eda (LL.M.) y en trabajos de seminarios ya completados, el taller tiene como objetivo guiar a la estudiante en la elaboraci\u00f3n de un escrito jur\u00eddico de calidad publicable. El taller tomar\u00e1 como punto de partida una investigaci\u00f3n previa sustancialmente completada por cada estudiante y se orientar\u00e1 hacia la redacci\u00f3n de un escrito de extensi\u00f3n sustancial en el que se sostenga un argumento adecuadamente fundamentado. Se enfatizar\u00e1n aspectos tales como la organizaci\u00f3n de escritos, bosquejos, borradores, y estrategias para la redacci\u00f3n clara y persuasiva.<\/p>\n\n\n\n<h2 class=\"wp-block-heading\">II. Objetivos del Curso*<\/h2>\n\n\n\n<p>Al finalizar el mini curso el o la estudiante podr\u00e1:<\/p>\n\n\n\n<ol><li>Formular una pregunta de investigaci\u00f3n jur\u00eddica apropiada.<\/li><li>Discutir la problem\u00e1tica jur\u00eddica mediante al disecci\u00f3n de la pregunta de investigaci\u00f3n en sus partes constitutivas, para desarrollar estrategias de investigaci\u00f3n efectivas.<\/li><li>Recopilar, estructurar y organizar la informaci\u00f3n identificada de una investigaci\u00f3n.&nbsp;<\/li><li>Estructurar un plan para la redacci\u00f3n de un escrito jur\u00eddico sustancial de calidad publicable&nbsp;<\/li><li>Elaborar bosquejos que reflejen un arco argumentativo dirigido a abordar la pregunta de investigaci\u00f3n<\/li><li>Redactar de manera efectiva y organizada un escrito jur\u00eddico acad\u00e9mico.&nbsp;<\/li><li>Comprender la importancia de los deberes relacionados con la honestidad acad\u00e9mica.<\/li><\/ol>\n\n\n\n<p>*Objetivos del Programa de Estudios de la Escuela de Derecho atendidos: 2.2, 2.3, 2.5, 2.6 y 3.2 (http:\/\/derecho.uprrp.edu\/vision-mision-y-objetivos\/)<\/p>\n\n\n\n<h2 class=\"wp-block-heading\">III. Metodolog\u00eda<\/h2>\n\n\n\n<p>En el mini curso &nbsp;desarrollaremos&nbsp;diversos tipos de din\u00e1micas, con elementos te\u00f3ricos y pr\u00e1cticos:<\/p>\n\n\n\n<ul><li>Primero, tendremos sesiones de discusi\u00f3n sobre aspectos relacionados con las t\u00e9cnicas de investigaci\u00f3n jur\u00eddica tales como asuntos organizativos, estrategias de investigaci\u00f3n, elaboraci\u00f3n de pregunta de investigaci\u00f3n y desarrollo de un plan de investigaci\u00f3n entre otros pasos necesarios para la elaboraci\u00f3n de escritos jur\u00eddicos avanzados.<\/li><li>Segundo, porque el curso tiene un componente pr\u00e1ctico dominante, en diferentes momentos de cada sesi\u00f3n el profesor solicitar\u00e1 a los estudiantes que realicen en clase diversos ejercicios para ser discutidos con sus compa\u00f1eros y compa\u00f1eras del curso. Estos se realizar\u00e1n en clase y deber\u00e1n entregarse al profesor esa misma noche a trav\u00e9s de&nbsp;<a href=\"https:\/\/online.uprrp.edu\/\">https:\/\/online.uprrp.edu\/<\/a><\/li><\/ul>\n\n\n\n<h2 class=\"wp-block-heading\">IV. Materiales&nbsp;<\/h2>\n\n\n\n<p>Cada estudiante debe asistir a clase preparado o preparada para realizar diversos ejercicios en clase relacionados con los temas a discutirse.&nbsp;&nbsp;<strong>A tales fines, se requiere que cada estudiante traiga a clase una computadora port\u00e1til con conexi\u00f3n a internet.&nbsp;<\/strong><\/p>\n\n\n\n<h2 class=\"wp-block-heading\"><strong>V. &nbsp;M\u00e9todo de comunicaci\u00f3n<\/strong><\/h2>\n\n\n\n<p>Toda y todo estudiante deber\u00e1 utilizar su cuenta de correo electr\u00f3nico institucional (@upr.edu) (o redirigirla a una cuenta personal). El profesor se comunicar\u00e1 regularmente con el grupo a trav\u00e9s de una plataforma electr\u00f3nica del Recinto que utiliza estas direcciones. Se presumir\u00e1 que toda comunicaci\u00f3n a trav\u00e9s de este sistema es recibida.<\/p>\n\n\n\n<h2 class=\"wp-block-heading\"><strong>VI.&nbsp;Evaluaci\u00f3n<\/strong><\/h2>\n\n\n\n<p>Toda estudiante ser\u00e1 evaluada tomando en cuenta su participaci\u00f3n inteligente y activa en clase, asistencia a clase, la preparaci\u00f3n y presentaci\u00f3n de los documentos seg\u00fan requeridos. Todo escrito ser\u00e1 evaluado tomando en cuenta: puntualidad, claridad en la redacci\u00f3n, organizaci\u00f3n y cumplimiento con las instrucciones brindadas. Una semana despu\u00e9s de terminarse el curso, cada estudiante deber\u00e1 presentar al profesor un Plan de Redacci\u00f3n seg\u00fan se discutir\u00e1 en clase.&nbsp;<\/p>\n\n\n\n<h2 class=\"wp-block-heading\">VII.&nbsp;<strong>Asistencia<\/strong>, Participaci\u00f3n e Integridad Acad\u00e9mica<\/h2>\n\n\n\n<h3 class=\"wp-block-heading\">Asistencia<\/h3>\n\n\n\n<p>La asistencia a clase es obligatoria y se tomar\u00e1 en cuenta en la calificaci\u00f3n final. El profesor pasar\u00e1 lista regularmente. Las ausencias, debidamente justificadas, deben comunicarse al profesor o profesora con anticipaci\u00f3n.<\/p>\n\n\n\n<p>En todo caso, sin excepci\u00f3n, un estudiante que no asista al 80 por ciento de las sesiones programadas para un curso estar\u00e1 impedido de completarlo. Cuando ello ocurra, el profesor informar\u00e1 al estudiante de ese hecho y notificar\u00e1 a la Registradora para que proceda a dar de baja al estudiante. &nbsp;Para determinar el n\u00famero de ausencias se tomar\u00e1 en cuenta el n\u00famero de sesiones durante el semestre.&nbsp;<strong>Seg\u00fan dispone la pol\u00edtica de la Escuela de Derecho, por tratarse de un mini-cursos que se re\u00fane por una semana, ning\u00fan estudiante podr\u00e1 austentarse a m\u00e1s de una clase.<\/strong><\/p>\n\n\n\n<p>La pol\u00edtica de asistencia de la Escuela de Derecho se encuentra en este enlace:&nbsp;<a href=\"http:\/\/derecho.uprrp.edu\/estudiantes\/formularios-y-manuales\/\">http:\/\/derecho.uprrp.edu\/estudiantes\/formularios-y-manuales\/<\/a><\/p>\n\n\n\n<h3 class=\"wp-block-heading\">Integridad Acad\u00e9mica<\/h3>\n\n\n\n<p>La pol\u00edtica de integridad acad\u00e9mica de la Escuela de Derecho, seg\u00fan el&nbsp;<a href=\"http:\/\/derecho.uprrp.edu\/wp-content\/uploads\/2018\/08\/MANUAL-DE-LA-ESCUELA-2018-2019-1.pdf\">Manual de la Escuela<\/a>&nbsp;es la siguiente:<\/p>\n\n\n\n<blockquote class=\"wp-block-quote\"><p>\u201cLa Escuela de Derecho considera una ofensa seria toda forma de deshonestidad o falta de integridad acad\u00e9mica, incluyendo acciones fraudulentas, la obtenci\u00f3n de notas o grados acad\u00e9micos vali\u00e9ndose de falsas o fraudulentas simulaciones, copiar total o parcialmente la labor acad\u00e9mica de otra persona, plagiar total o parcialmente el trabajo de otra persona, copiar total o parcialmente las respuestas de otra persona a las preguntas de un examen, haciendo o consiguiendo que otro tome en su nombre cualquier prueba o examen oral o escrito, as\u00ed como la ayuda o facilitaci\u00f3n para que otra persona incurra en la referida conducta. Todo caso ser\u00e1 investigado y procesado seg\u00fan la reglamentaci\u00f3n aplicable. Los y las estudiantes con dudas sobre el tema, debe informarse oportunamente en la Oficina de Asuntos Estudiantiles\u201d<\/p><\/blockquote>\n\n\n\n<h2 class=\"wp-block-heading\"><strong>VIII. Necesidades especiales<\/strong><\/h2>\n\n\n\n<p>De tener necesidades especiales, no dude en comunicarse conmigo personalmente o por v\u00eda electr\u00f3nica para hacer los ajustes necesarios y lograr el acomodo razonable seg\u00fan las normas y reglamentos de la instituci\u00f3n.<\/p>\n\n\n\n<h2 class=\"wp-block-heading\">IX. Pol\u00edtica de Discrimen y Hostigamiento Sexual<\/h2>\n\n\n\n<p>La Universidad de Puerto Rico proh\u00edbe el discrimen par raz\u00f3n de sexo y g\u00e9nero en todas sus modalidades, incluyendo el hostigamiento sexual. Seg\u00fan la Pol\u00edtica institucional contra el Hostigamiento Sexual en la Universidad de Puerto Rico, Certificaci\u00f3n N\u00fam. 130, 2014-2015 de la Junta de Gobierno, si un estudiante est\u00e1 siendo o fue afectado por conductas relacionadas a hostigamiento sexual, puede acudir ante la Oficina de la Procuradur\u00eda Estudiantil, el Decanato de Estudiantes o la Coordinadora de Cumplimiento con Titulo IX para orientaci\u00f3n y\/o presentar una queja.<\/p>\n\n\n\n<h2 class=\"wp-block-heading\"><strong>X. &nbsp;Sesiones<\/strong><\/h2>\n\n\n\n<h3 class=\"wp-block-heading\">Primera Clase: martes, 17 diciembre 2019<\/h3>\n\n\n\n<ul><li><strong>Introducci\u00f3n, Objetivos del Curso, Pregunta de Investigaci\u00f3n<\/strong><\/li><\/ul>\n\n\n\n<p>En esta sesi\u00f3n repasaremos los objetivos del curso as\u00ed como los aspectos centrales de una pregunta de investigaci\u00f3n efectiva.&nbsp;<\/p>\n\n\n\n<h3 class=\"wp-block-heading\">Segunda Clase: mi\u00e9rcoles, 18 diciembre 2019<\/h3>\n\n\n\n<ul><li><strong>Interrogando y desagregando la Pregunta de Investigaci\u00f3n.&nbsp;Estrategias&nbsp;para&nbsp;recopilar,&nbsp;organizar&nbsp;y&nbsp;asimilar&nbsp;informaci\u00f3n.<\/strong><\/li><\/ul>\n\n\n\n<p>En esta sesi\u00f3n exploraremos maneras de explorar y dividir la pregunta de investigaci\u00f3n en sus partes constitutivas, para desarrollar estrategias de investigaci\u00f3n efectivas. Asimismo, consideraremos formas de recopilar, estructurar y organizar la informaci\u00f3n identificada durante la investigaci\u00f3n.&nbsp;<\/p>\n\n\n\n<h3 class=\"wp-block-heading\">Tercera Clase: jueves, 19 diciembre 2019<\/h3>\n\n\n\n<ul><li><strong>Bosquejo&nbsp;y&nbsp;Presupuesto.<\/strong><\/li><\/ul>\n\n\n\n<p>En esta sesi\u00f3n consideraremos el rol de los bosquejos en el desarrollo de un escrito jur\u00eddico efectivo, de forma que un o una estudiante pueda estructurar su trabajo de manera organizada. Asimismo, trabajaremos con la elaboraci\u00f3n de un \u201cpresupuesto\u201d de p\u00e1ginas a trav\u00e9s del escrito para canalizar las energ\u00edas de trabajo eficientemente.&nbsp;<\/p>\n\n\n\n<h3 class=\"wp-block-heading\">Cuarta Clase: viernes, 20 diciembre 2019<\/h3>\n\n\n\n<ul><li><strong>Redacci\u00f3n.<\/strong><\/li><\/ul>\n\n\n\n<p>En esta sesi\u00f3n exploraremos estrategias para la redacci\u00f3n efectiva, con el objetivo de narrar al lector la historia que se desprende de la pregunta de investigaci\u00f3n y que pasa por las secciones del bosquejo.&nbsp;<\/p>\n\n\n\n<h3 class=\"wp-block-heading\">Quinta Clase: s\u00e1bado, 21 diciembre 2019<\/h3>\n\n\n\n<ul><li><strong>Comunicaci\u00f3n Efectiva y Revisi\u00f3n, Honestidad Acad\u00e9mica y Plan de Redacci\u00f3n.<\/strong><\/li><\/ul>\n\n\n\n<p>En esta sesi\u00f3n, consideraremos estrategias para la comunicaci\u00f3n efectiva de las ideas as\u00ed como para la revisi\u00f3n de escritos. Prestaremos atenci\u00f3n a consideraciones relacionadas con la honestidad acad\u00e9mica. Finalmente, cerramos el curso con la consideraci\u00f3n del Plan de Redacci\u00f3n que deber\u00e1n presentar para completar el curso.<\/p>\n","protected":false},"excerpt":{"rendered":"<p>Prof. Hiram Mel\u00e9ndez Juarbe Correo Electr\u00f3nico, en este enlace:&nbsp;http:\/\/scr.im\/melendez D\u00edas : Martes 17 a S\u00e1bado 21 de enero Horario: Martes-Viernes 6:15-8:55; S\u00e1bado TBD Sal\u00f3n: L-6 Horas de Oficina Lunes: 10:00am \u2013 12:00pmMartes: 8:30am \u2013 10:30amJueves: 10:00am \u2013 12:00pm I. Descripci\u00f3n&nbsp; Con \u00e9nfasis en proyectos de investigaci\u00f3n para tesis de maestr\u00eda (LL.M.) y en trabajos de &hellip; <a href=\"http:\/\/elplandehiram.org\/?page_id=1884\" class=\"more-link\">Continue reading <span class=\"screen-reader-text\">Taller Intensivo para la Redacci\u00f3n de Escritos Jur\u00eddicos, Diciembre 2019<\/span> <span class=\"meta-nav\">&rarr;<\/span><\/a><\/p>\n","protected":false},"author":1,"featured_media":0,"parent":1688,"menu_order":0,"comment_status":"closed","ping_status":"closed","template":"","meta":[],"_links":{"self":[{"href":"http:\/\/elplandehiram.org\/index.php?rest_route=\/wp\/v2\/pages\/1884"}],"collection":[{"href":"http:\/\/elplandehiram.org\/index.php?rest_route=\/wp\/v2\/pages"}],"about":[{"href":"http:\/\/elplandehiram.org\/index.php?rest_route=\/wp\/v2\/types\/page"}],"author":[{"embeddable":true,"href":"http:\/\/elplandehiram.org\/index.php?rest_route=\/wp\/v2\/users\/1"}],"replies":[{"embeddable":true,"href":"http:\/\/elplandehiram.org\/index.php?rest_route=%2Fwp%2Fv2%2Fcomments&post=1884"}],"version-history":[{"count":4,"href":"http:\/\/elplandehiram.org\/index.php?rest_route=\/wp\/v2\/pages\/1884\/revisions"}],"predecessor-version":[{"id":2131,"href":"http:\/\/elplandehiram.org\/index.php?rest_route=\/wp\/v2\/pages\/1884\/revisions\/2131"}],"up":[{"embeddable":true,"href":"http:\/\/elplandehiram.org\/index.php?rest_route=\/wp\/v2\/pages\/1688"}],"wp:attachment":[{"href":"http:\/\/elplandehiram.org\/index.php?rest_route=%2Fwp%2Fv2%2Fmedia&parent=1884"}],"curies":[{"name":"wp","href":"https:\/\/api.w.org\/{rel}","templated":true}]}}