{"id":1174,"date":"2016-07-20T16:55:19","date_gmt":"2016-07-20T20:55:19","guid":{"rendered":"http:\/\/elplandehiram.org\/?page_id=1174"},"modified":"2016-11-04T09:18:42","modified_gmt":"2016-11-04T13:18:42","slug":"seminario-investigacion-avanzada","status":"publish","type":"page","link":"http:\/\/elplandehiram.org\/?page_id=1174","title":{"rendered":"Seminario Investigaci\u00f3n Avanzada 1er Sem 2016-2017"},"content":{"rendered":"<h3 style=\"text-align: center;\"><span id=\"Investigacin-Acadmica-y-Metodologa-Jurdica\">Investigaci\u00f3n Acad\u00e9mica y Metodolog\u00eda Jur\u00eddica<\/span><\/h3>\n<p style=\"text-align: center;\"><strong>Prof. Hiram A. Mel\u00e9ndez Juarbe<\/strong><\/p>\n<p style=\"text-align: center;\">DERE 7690<\/p>\n<p style=\"text-align: center;\"><strong>Sesiones<\/strong>: \u00a0Viernes: 10:00am-11:50pm, Sal\u00f3n\u00a0L-302<\/p>\n<p style=\"text-align: center;\"><strong>Horas de Oficina: \u00a0<\/strong>Por cita.<\/p>\n<p style=\"text-align: center;\"><strong><a href=\"http:\/\/www.google.com\/recaptcha\/mailhide\/d?k=01l7vNKhCF9joDB15RcUcqsw==&amp;c=VuYRn9VgaS6hFlor0zgN2D5p5JFzTzkiZxY3EbBPFmc=\">Correo electr\u00f3nico<\/a><\/strong><\/p>\n<p>&nbsp;<\/p>\n<hr \/>\n<div id=\"toc-np-container\"><p id=\"toc-np-title\">Navegaci\u00f3n <\/p><ul class=\"no-bullets\"><li class=\"header-level-1\"><a href=\"http:\/\/elplandehiram.org\/?page_id=1174#Investigacin-Acadmica-y-Metodologa-Jurdica\">Investigaci\u00f3n Acad\u00e9mica y Metodolog\u00eda Jur\u00eddica<\/a><\/li><li class=\"header-level-1\"><a href=\"http:\/\/elplandehiram.org\/?page_id=1174#I-Descripcin-del-Curso\">I. Descripci\u00f3n del Curso<\/a><\/li><li class=\"header-level-1\"><a href=\"http:\/\/elplandehiram.org\/?page_id=1174#II-Objetivos1\">II. Objetivos[1]<\/a><\/li><li class=\"header-level-1\"><a href=\"http:\/\/elplandehiram.org\/?page_id=1174#III-Metodologa\">III. Metodolog\u00eda<\/a><\/li><li class=\"header-level-1\"><a href=\"http:\/\/elplandehiram.org\/?page_id=1174#IV-Libros-y-Materiales\">IV. \u00a0Libros y Materiales<\/a><\/li><li class=\"header-level-1\"><a href=\"http:\/\/elplandehiram.org\/?page_id=1174#V-Registro-Electrnico\">\u00a0V. \u00a0Registro Electr\u00f3nico<\/a><\/li><li class=\"header-level-1\"><a href=\"http:\/\/elplandehiram.org\/?page_id=1174#VIEvaluacin\">VI.\u00a0Evaluaci\u00f3n<\/a><\/li><li class=\"header-level-1\"><a href=\"http:\/\/elplandehiram.org\/?page_id=1174#VII-Calificacin\">VII. \u00a0Calificaci\u00f3n<\/a><\/li><li class=\"header-level-1\"><a href=\"http:\/\/elplandehiram.org\/?page_id=1174#VIII-Asistencia\">VIII. \u00a0Asistencia <\/a><\/li><li class=\"header-level-1\"><a href=\"http:\/\/elplandehiram.org\/?page_id=1174#IX-Necesidades-especiales\">IX. \u00a0 Necesidades especiales<\/a><\/li><li class=\"header-level-1\"><a href=\"http:\/\/elplandehiram.org\/?page_id=1174#X-Sesiones-Lecturas-y-Calendario-de-Entregas\">X. \u00a0Sesiones, Lecturas y Calendario de Entregas<\/a><\/li><\/ul><\/div>\n<h1><span id=\"I-Descripcin-del-Curso\"><strong style=\"font-size: 26px;\">I. Descripci\u00f3n del Curso<\/strong><\/span><\/h1>\n<p>El seminario tiene como prop\u00f3sito el estudio de metodolog\u00eda jur\u00eddica as\u00ed como el desarrollo de destrezas de investigaci\u00f3n y redacci\u00f3n avanzada, con el objetivo de llevar una idea preliminar de investigaci\u00f3n hasta la formulaci\u00f3n de un escrito acad\u00e9mico sofisticado. Se enfocar\u00e1 en el dise\u00f1o de estrategias de investigaci\u00f3n, revisi\u00f3n de literatura, elaboraci\u00f3n de pregunta de investigaci\u00f3n y desarrollo de una propuesta de investigaci\u00f3n, entre otros pasos necesarios para la elaboraci\u00f3n de escritos jur\u00eddicos avanzados. Adem\u00e1s, consideraremos algunos acercamientos metodol\u00f3gicos a trav\u00e9s de los cuales puede evaluarse la problem\u00e1tica jur\u00eddica y social. Para este curso, la o el estudiante deber\u00e1 haber identificado de antemano al menos un \u00e1rea potencial de investigaci\u00f3n. El seminario tendr\u00e1 como producto final una rigurosa propuesta de aproximadamente 25 p\u00e1ginas, la cual podr\u00e1 transformarse en una art\u00edculo acad\u00e9mico mediante Estudio Independiente en un semestre subsiguiente o, de ser posible, durante este mismo semestre en el curso.<\/p>\n<p>El seminario se ofrece teniendo en mente a aquellas y aquellos estudiantes altamente interesados en generar escritos acad\u00e9micos publicables de extensi\u00f3n sustancial, as\u00ed como para estudiantes de LL.M que deben completar un requisito de investigaci\u00f3n acad\u00e9mica.<\/p>\n<h1><span id=\"II-Objetivos1\"><strong>II. Objetivos<a href=\"#_ftn1\" name=\"_ftnref1\"><strong>[1]<\/strong><\/a><\/strong><\/span><\/h1>\n<p>Al terminar este seminario la estudiante podr\u00e1:<\/p>\n<ul>\n<li>Desarrollar un programa de investigaci\u00f3n que incluya la formulaci\u00f3n de una pregunta de investigaci\u00f3n jur\u00eddica y el dise\u00f1o de una estrategia apropiada para abordar la problem\u00e1tica jur\u00eddica.<\/li>\n<li>Elaborar revisi\u00f3n de literatura para acercarse a una pregunta de investigaci\u00f3n.<\/li>\n<li>Comprender el lugar de la metodolog\u00eda jur\u00eddica y la elaboraci\u00f3n de un marco conceptual en el desarrollo proyectos de investigaci\u00f3n sofisticados, mediante el estudio de algunas metodolog\u00edas contempor\u00e1neas importantes.<\/li>\n<li>Elaborar una propuesta de investigaci\u00f3n, luego de revisar literatura relevante, que identifique los temas centrales a ser abordados en un escrito publicaba, y que preliminarmente aborde los asuntos fundamentales presentados por una pregunta de investigaci\u00f3n.<\/li>\n<li>Estructurar un plan para la redacci\u00f3n de un escrito jur\u00eddico sustancial de calidad publicable.<\/li>\n<li>Comprender la importancia de los deberes relacionados con la honestidad acad\u00e9mica.<\/li>\n<\/ul>\n<p><a href=\"#_ftnref1\" name=\"_ftn1\">[1]<\/a> Objetivos del Programa de Estudios de la Escuela de Derecho atendidos: 2.2, 2.3, 2.4, 2.5, 2.6 y 3.2 (http:\/\/derecho.uprrp.edu\/vision-mision-y-objetivos\/)<\/p>\n<h1><span id=\"III-Metodologa\"><strong>III. Metodolog\u00eda<\/strong><\/span><\/h1>\n<p>En el seminario\u00a0desarrollaremos\u00a0diversos tipos de din\u00e1micas:<\/p>\n<ul>\n<li>Primero, tendremos sesiones de discusi\u00f3n sobre aspectos relacionados con las t\u00e9cnicas de investigaci\u00f3n jur\u00eddica acad\u00e9mica tales como asuntos organizativos, estrategias de investigaci\u00f3n, revisi\u00f3n de literatura, elaboraci\u00f3n de pregunta de investigaci\u00f3n y desarrollo de una propuesta de investigaci\u00f3n, entre otros pasos necesarios para la elaboraci\u00f3n de escritos jur\u00eddicos avanzados.<\/li>\n<li>Segundo, en diferentes momentos las estudiantes deber\u00e1n presentar al profesor, por correo electr\u00f3nico, diversos documentos seg\u00fan les ser\u00e1 requerido (tema de investigaci\u00f3n, pregunta de investigaci\u00f3n, bibliograf\u00eda anotada, bosquejo de propuesta, borrador). El calendario de presentaci\u00f3n se describe m\u00e1s adelante. Estos documentos ser\u00e1n evaluados por el profesor con antelaci\u00f3n a la pr\u00f3xima sesi\u00f3n y ser\u00e1n discutidos por compa\u00f1eros de clase para obtener retroalimentaci\u00f3n.<\/li>\n<li>Tercero, tendremos sesiones metodol\u00f3gicas\u2014dirigidas por el profesor y por diversos profesores de la Escuela de Derecho\u2014donde estudiaremos algunos abordajes conceptuales con los que pueden acercarse a problemas jur\u00eddicos.<\/li>\n<li>Cuarto, al final del semestre toda estudiante deber\u00e1 presentar al grupo el progreso de su investigaci\u00f3n.<\/li>\n<\/ul>\n<h1><span id=\"IV-Libros-y-Materiales\"><strong>IV. \u00a0Libros y Materiales<\/strong><\/span><\/h1>\n<ul>\n<li>Elizabeth Fajans &amp; Mary Falk, Scholarly Writing for Law Students, Seminar Papers, Law Review Notes and Law Review Competition Papers (West 2011)<\/li>\n<li>Lecturas Adicionales en la p\u00e1gina del curso: <a href=\"http:\/\/elplandehiram.org\/investigacionavanzada\">http:\/\/elplandehiram.org\/investigacionavanzada<\/a><\/li>\n<\/ul>\n<h1><span id=\"V-Registro-Electrnico\"><strong>\u00a0V. \u00a0<\/strong><strong>Registro Electr\u00f3nico<\/strong><\/span><\/h1>\n<p><strong>\u00a0<\/strong>El prontuario as\u00ed como cualquier otra informaci\u00f3n pertinente estar\u00e1 disponible en <a href=\"http:\/\/elplandehiram.org\/investigacionavanzada\">http:\/\/elplandehiram.org\/investigacionavanzada<\/a><\/p>\n<p>Es indispensable que cada estudiante se registre antes del primer d\u00eda de clases, llenando el siguiente formulario. El profesor se comunicar\u00e1 con los y las estudiantes a la direcci\u00f3n electr\u00f3nica provista y presumir\u00e1 que estos correos son recibidos y le\u00eddos.<\/p>\n<p><iframe loading=\"lazy\" src=\"https:\/\/docs.google.com\/forms\/d\/e\/1FAIpQLSe_vIwLr4L5LPAse383MbnBuccQSyjYI6ClFn1i1-3cBfEeoQ\/viewform?embedded=true\" width=\"760\" height=\"500\" frameborder=\"0\" marginwidth=\"0\" marginheight=\"0\">Loading&#8230;<\/iframe><\/p>\n<h1><span id=\"VIEvaluacin\"><strong>VI.\u00a0Evaluaci\u00f3n<\/strong><\/span><\/h1>\n<p>Toda estudiante ser\u00e1 evaluada tomando en cuenta su participaci\u00f3n inteligente y activa en clase, lectura de materiales asignados, asistencia a clase, la preparaci\u00f3n y presentaci\u00f3n de los documentos seg\u00fan requeridos en el calendario de entregas (ver infra). Todo escrito ser\u00e1 evaluado tomando en cuenta: puntualidad, claridad en la redacci\u00f3n, organizaci\u00f3n, calidad y diversidad en la investigaci\u00f3n, manejo y dominio de las fuentes.<\/p>\n<h1><span id=\"VII-Calificacin\"><strong>VII. \u00a0Calificaci\u00f3n<\/strong><\/span><\/h1>\n<p>La calificaci\u00f3n de cada estudiante depender\u00e1 de varios factores:<\/p>\n<ul>\n<li>Asistencia a clase, participaci\u00f3n y preparaci\u00f3n \u00a0 \u00a0 \u00a0 \u00a0 \u00a0 \u00a0 \u00a0 \u00a0 \u00a0 \u00a0 \u00a0 \u00a0 \u00a0 \u00a0 \u00a05%<\/li>\n<li>Entrega de Pregunta de Investigaci\u00f3n \u00a0 \u00a0 \u00a0 \u00a0 \u00a0 \u00a0 \u00a0 \u00a0 \u00a0 \u00a0 \u00a0 \u00a0 \u00a0 \u00a0 \u00a0 \u00a0 \u00a0 \u00a0 \u00a0 \u00a0 \u00a0 \u00a0 \u00a0 \u00a05%<\/li>\n<li>Entrega Bibliograf\u00eda Anotada \u00a0 \u00a0 \u00a0 \u00a0 \u00a0 \u00a0 \u00a0 \u00a0 \u00a0 \u00a0 \u00a0 \u00a0 \u00a0 \u00a0 \u00a0 \u00a0 \u00a0 \u00a0 \u00a0 \u00a0 \u00a0 \u00a0 \u00a0 \u00a0 \u00a0 \u00a0 \u00a0 \u00a0 \u00a0 \u00a0 \u00a0 \u00a0 10%<\/li>\n<li>Entrega de Bosquejo de Propuesta de Investigaci\u00f3n \u00a0 \u00a0 \u00a0 \u00a0 \u00a0 \u00a0 \u00a0 \u00a0 \u00a010%<\/li>\n<li>Entrega de Borrador de Propuesta de Investigaci\u00f3n \u00a0 \u00a0 \u00a0 \u00a0 \u00a0 \u00a0 \u00a0 \u00a0 \u00a0 10%<\/li>\n<li>Presentaci\u00f3n oral de investigaci\u00f3n \u00a0 \u00a0 \u00a0 \u00a0 \u00a0 \u00a0 \u00a0 \u00a0 \u00a0 \u00a0 \u00a0 \u00a0 \u00a0 \u00a0 \u00a0 \u00a0 \u00a0 \u00a0 \u00a0 \u00a0 \u00a0 \u00a0 \u00a0 \u00a0 \u00a0 \u00a0 10%<\/li>\n<li>Propuesta de Investigaci\u00f3n \u00a0 \u00a0 \u00a0 \u00a0 \u00a0 \u00a0 \u00a0 \u00a0 \u00a0 \u00a0 \u00a0 \u00a0 \u00a0 \u00a0 \u00a0 \u00a0 \u00a0 \u00a0 \u00a0 \u00a0 \u00a0 \u00a0 \u00a0 \u00a0 \u00a0 \u00a0 \u00a0 \u00a0 \u00a0 \u00a0 \u00a0 \u00a0 \u00a0 \u00a050%<\/li>\n<\/ul>\n<h1><span id=\"VIII-Asistencia\"><strong>VIII. \u00a0Asistencia <\/strong><\/span><\/h1>\n<p>La asistencia a clase es obligatoria y se tomar\u00e1 en cuenta en la calificaci\u00f3n final. El profesor pasar\u00e1 lista regularmente. Las ausencias, debidamente justificadas, deben comunicarse al profesor o profesora con anticipaci\u00f3n.<\/p>\n<p>En todo caso, sin excepci\u00f3n, un estudiante que no asista al 80 por ciento de las sesiones programadas para un curso estar\u00e1 impedido de completarlo. Cuando ello ocurra, el profesor informar\u00e1 al estudiante de ese hecho y notificar\u00e1 a la Registradora para que proceda a dar de baja al estudiante. \u00a0Para determinar el n\u00famero de ausencias se tomar\u00e1 en cuenta el n\u00famero de sesiones durante el semestre. Debido a que nuestra clase se re\u00fane una vez en semana, m\u00e1s de 3 ausencias ser\u00e1 un impedimento a terminar el curso.<\/p>\n<p>La pol\u00edtica de asistencia de la Escuela de Derecho se encuentra en este enlace: <a href=\"http:\/\/derecho.uprrp.edu\/estudiantes\/formularios-y-manuales\/\">http:\/\/derecho.uprrp.edu\/estudiantes\/formularios-y-manuales\/<\/a><\/p>\n<h1><span id=\"IX-Necesidades-especiales\"><strong>IX. \u00a0 Necesidades especiales<\/strong><\/span><\/h1>\n<p>De tener necesidades especiales, no dude en comunicarse conmigo personalmente o por v\u00eda electr\u00f3nica para hacer los ajustes necesarios y lograr el acomodo razonable seg\u00fan las normas y reglamentos de la instituci\u00f3n.<\/p>\n<h1><span id=\"X-Sesiones-Lecturas-y-Calendario-de-Entregas\"><strong>X. \u00a0Sesiones, Lecturas y Calendario de Entregas<\/strong><\/span><\/h1>\n<h4>A. Puede bajar\u00a0prontuario y calendario <a href=\"http:\/\/elplandehiram.org\/wp-content\/uploads\/2016\/07\/ProntuarioSEM_InvAvanzada_v3octubre2016.pdf\">en este enlace<\/a>.<\/h4>\n<p><a href=\"http:\/\/elplandehiram.org\/wp-content\/uploads\/2016\/07\/ProntuarioSEM_InvAvanzada16-17_20jul16.pdf\"><iframe loading=\"lazy\" id=\"doc_3075\" class=\"scribd_iframe_embed\" src=\"https:\/\/www.scribd.com\/embeds\/318862529\/content?start_page=1&amp;view_mode=scroll&amp;show_recommendations=true&amp;show_upsell=true\" width=\"100%\" height=\"600\" frameborder=\"0\" scrolling=\"no\" data-auto-height=\"false\" data-aspect-ratio=\"undefined\"><\/iframe><\/a><\/p>\n<h4><strong>B. Lecturas (algunas lecturas se encuentran en esta sesi\u00f3n, otras est\u00e1n identificadas en el prontuario)<\/strong><\/h4>\n<ul>\n<li><a href=\"http:\/\/elplandehiram.org\/wp-content\/uploads\/2016\/07\/S3_Dworkin_Law_as_Interpretation.pdf\">S3_Dworkin_Law_as_Interpretation<\/a><\/li>\n<li><a href=\"http:\/\/elplandehiram.org\/wp-content\/uploads\/2016\/07\/S3_McDonaldvChicago.pdf\">S3_McDonaldvChicago<\/a><\/li>\n<li><a href=\"http:\/\/elplandehiram.org\/wp-content\/uploads\/2016\/07\/S4_Calabresi_Law_and_Economics.pdf\">S5_Calabresi_Law_and_Economics<\/a><\/li>\n<li><a href=\"http:\/\/elplandehiram.org\/wp-content\/uploads\/2016\/07\/S5_Coase_Problem_of_Social_Cost.pdf\">S5_Coase_Problem_of_Social_Cost<\/a><\/li>\n<li><a href=\"http:\/\/elplandehiram.org\/wp-content\/uploads\/2016\/07\/S6_J.-Waldron-Property-Law-en-Patterson-A-Companion-to-Philosophy-of-Law-and-Legal-Theory-.pdf\">S6_J. Waldron Property Law en Patterson A Companion to Philosophy of Law and Legal Theory<\/a><\/li>\n<li><a href=\"http:\/\/elplandehiram.org\/wp-content\/uploads\/2016\/07\/S8_Freeman_CLS.pdf\">S8_Freeman_CLS<\/a><\/li>\n<li><a href=\"http:\/\/elplandehiram.org\/wp-content\/uploads\/2016\/07\/S8_Critical-Legal-Studies.pdf\">S8_Critical Legal Studies<\/a><\/li>\n<li><a href=\"http:\/\/elplandehiram.org\/wp-content\/uploads\/2016\/07\/S9_Alda-Facio-y-Lorena-Fries-Femi-nismo-g\u00e9nero-y-patriarcado.pdf\">S9_Alda Facio y Lorena Fries, Femi nismo, g\u00e9nero y patriarcado<\/a><\/li>\n<li><a href=\"http:\/\/elplandehiram.org\/wp-content\/uploads\/2016\/07\/S9_Jaramillo-La-cr\u00edtica-feminista-al-derecho.pdf\">S9_Jaramillo La cr\u00edtica feminista al derecho<\/a><\/li>\n<\/ul>\n<p style=\"margin: 12px auto 6px auto; font-family: Helvetica,Arial,Sans-serif; font-style: normal; font-variant: normal; font-weight: normal; font-size: 14px; line-height: normal; font-size-adjust: none; font-stretch: normal; -x-system-font: none; display: block;\">\n","protected":false},"excerpt":{"rendered":"<p>Investigaci\u00f3n Acad\u00e9mica y Metodolog\u00eda Jur\u00eddica Prof. Hiram A. Mel\u00e9ndez Juarbe DERE 7690 Sesiones: \u00a0Viernes: 10:00am-11:50pm, Sal\u00f3n\u00a0L-302 Horas de Oficina: \u00a0Por cita. Correo electr\u00f3nico &nbsp; I. Descripci\u00f3n del Curso El seminario tiene como prop\u00f3sito el estudio de metodolog\u00eda jur\u00eddica as\u00ed como el desarrollo de destrezas de investigaci\u00f3n y redacci\u00f3n avanzada, con el objetivo de llevar una &hellip; <a href=\"http:\/\/elplandehiram.org\/?page_id=1174\" class=\"more-link\">Continue reading <span class=\"screen-reader-text\">Seminario Investigaci\u00f3n Avanzada 1er Sem 2016-2017<\/span> <span class=\"meta-nav\">&rarr;<\/span><\/a><\/p>\n","protected":false},"author":1,"featured_media":0,"parent":1175,"menu_order":0,"comment_status":"closed","ping_status":"closed","template":"","meta":[],"_links":{"self":[{"href":"http:\/\/elplandehiram.org\/index.php?rest_route=\/wp\/v2\/pages\/1174"}],"collection":[{"href":"http:\/\/elplandehiram.org\/index.php?rest_route=\/wp\/v2\/pages"}],"about":[{"href":"http:\/\/elplandehiram.org\/index.php?rest_route=\/wp\/v2\/types\/page"}],"author":[{"embeddable":true,"href":"http:\/\/elplandehiram.org\/index.php?rest_route=\/wp\/v2\/users\/1"}],"replies":[{"embeddable":true,"href":"http:\/\/elplandehiram.org\/index.php?rest_route=%2Fwp%2Fv2%2Fcomments&post=1174"}],"version-history":[{"count":22,"href":"http:\/\/elplandehiram.org\/index.php?rest_route=\/wp\/v2\/pages\/1174\/revisions"}],"predecessor-version":[{"id":1240,"href":"http:\/\/elplandehiram.org\/index.php?rest_route=\/wp\/v2\/pages\/1174\/revisions\/1240"}],"up":[{"embeddable":true,"href":"http:\/\/elplandehiram.org\/index.php?rest_route=\/wp\/v2\/pages\/1175"}],"wp:attachment":[{"href":"http:\/\/elplandehiram.org\/index.php?rest_route=%2Fwp%2Fv2%2Fmedia&parent=1174"}],"curies":[{"name":"wp","href":"https:\/\/api.w.org\/{rel}","templated":true}]}}