{"id":1089,"date":"2016-02-12T09:58:10","date_gmt":"2016-02-12T13:58:10","guid":{"rendered":"http:\/\/elplandehiram.org\/?page_id=1089"},"modified":"2017-08-18T19:44:46","modified_gmt":"2017-08-18T23:44:46","slug":"avaluo-formativo","status":"publish","type":"page","link":"http:\/\/elplandehiram.org\/?page_id=1089","title":{"rendered":"Aval\u00fao Formativo Derechos de Autor"},"content":{"rendered":"<ul>\n<li><a href=\"http:\/\/elplandehiram.org\/wp-content\/uploads\/2016\/02\/Formativo-1-Latte-Arte.pdf\" rel=\"\">Ejercicio Aval\u00fao Formativo 1, Latte Arte<\/a><\/li>\n<li><a href=\"http:\/\/elplandehiram.org\/wp-content\/uploads\/2016\/02\/Formativo-1-Latte-Arte-Explicaci\u00f3n.pdf\" rel=\"\">Explicaci\u00f3n Ejercicio Aval\u00fao Formativo 1<\/a><\/li>\n<\/ul>\n","protected":false},"excerpt":{"rendered":"<p>Ejercicio Aval\u00fao Formativo 1, Latte Arte Explicaci\u00f3n Ejercicio Aval\u00fao Formativo 1<\/p>\n","protected":false},"author":1,"featured_media":0,"parent":403,"menu_order":0,"comment_status":"closed","ping_status":"closed","template":"","meta":[],"_links":{"self":[{"href":"http:\/\/elplandehiram.org\/index.php?rest_route=\/wp\/v2\/pages\/1089"}],"collection":[{"href":"http:\/\/elplandehiram.org\/index.php?rest_route=\/wp\/v2\/pages"}],"about":[{"href":"http:\/\/elplandehiram.org\/index.php?rest_route=\/wp\/v2\/types\/page"}],"author":[{"embeddable":true,"href":"http:\/\/elplandehiram.org\/index.php?rest_route=\/wp\/v2\/users\/1"}],"replies":[{"embeddable":true,"href":"http:\/\/elplandehiram.org\/index.php?rest_route=%2Fwp%2Fv2%2Fcomments&post=1089"}],"version-history":[{"count":2,"href":"http:\/\/elplandehiram.org\/index.php?rest_route=\/wp\/v2\/pages\/1089\/revisions"}],"predecessor-version":[{"id":1301,"href":"http:\/\/elplandehiram.org\/index.php?rest_route=\/wp\/v2\/pages\/1089\/revisions\/1301"}],"up":[{"embeddable":true,"href":"http:\/\/elplandehiram.org\/index.php?rest_route=\/wp\/v2\/pages\/403"}],"wp:attachment":[{"href":"http:\/\/elplandehiram.org\/index.php?rest_route=%2Fwp%2Fv2%2Fmedia&parent=1089"}],"curies":[{"name":"wp","href":"https:\/\/api.w.org\/{rel}","templated":true}]}}