{"id":1008,"date":"2015-08-03T14:30:17","date_gmt":"2015-08-03T18:30:17","guid":{"rendered":"http:\/\/elplandehiram.org\/?page_id=1008"},"modified":"2015-08-04T09:52:37","modified_gmt":"2015-08-04T13:52:37","slug":"preguntas-guias-obergefell-v-hodges","status":"publish","type":"page","link":"http:\/\/elplandehiram.org\/?page_id=1008","title":{"rendered":"Preguntas Gu\u00edas Obergefell v Hodges"},"content":{"rendered":"<p>Al estudiar\u00a0las Opiniones en Obergefell v Hodges \u00a0considere las siguientes preguntas. No es necesario que escriba sus contestaciones.\u00a0Basta\u00a0con que piense cuidadosamente en ellas.<\/p>\n<div>1- Si usted fuese a explicar en una oraci\u00f3n el fundamento del caso, \u00bfc\u00f3mo lo\u00a0har\u00eda?<\/div>\n<div>2- \u00bfSeg\u00fan la Opini\u00f3n, c\u00f3mo se\u00a0justifica que <strong>funcionarios\u00a0federales<\/strong> puedan\u00a0invalidar\u00a0una determinaci\u00f3n\u00a0de un <strong>Estado<\/strong>?<\/div>\n<div>3- De igual manera, \u00bfc\u00f3mo se justifica que un cuerpo <strong>no electo<\/strong>\u00a0(el Tribunal) tome esta determinaci\u00f3n, y\u00a0no la poblaci\u00f3n a trav\u00e9s de <strong>representantes electos<\/strong>? \u00a0Es decir, \u00bfes democr\u00e1tica esta actuaci\u00f3n del Tribunal?<\/div>\n<div>4- \u00bfqu\u00e9 disposiciones en el\u00a0<strong>\u00a0texto<\/strong> de la Constituci\u00f3n sustentan los derechos impulsados\u00a0por el Tribunal? Exactamente \u00bfd\u00f3nde se habla en la Constituci\u00f3n del matrimonio?<\/div>\n<div>5- \u00bfCu\u00e1l es el rol de la historia y la tradici\u00f3n en el caso? \u00bfPara la mayor\u00eda del Tribunal? \u00bfPara los jueces disidentes?<\/div>\n<div>6- \u00bfCu\u00e1l es el rol de valores y principios generales como la dignidad en el caso? \u00bfEn qu\u00e9 disposici\u00f3n constitucional se habla de dignidad?<\/div>\n<div>7- Una vez resuelto el caso, \u00bfexiste\u00a0un deber de obedecer el dictamen del Tribunal? Si lo hay, \u00bfqui\u00e9n tiene ese deber?<\/div>\n<div>8- Luego de la decisi\u00f3n, \u00bfpuede el Congreso (no un Estado) aprobar una ley disponiendo que el matrimonio s\u00f3lo ser\u00e1 entre personas de sexo opuesto?<\/div>\n<div>9- \u00bfQu\u00e9 consecuencias (m\u00e1s all\u00e1 del contexto del matrimonio) podemos esperar luego de\u00a0esta decisi\u00f3n? Por ejemplo, en el contexto de la adopci\u00f3n. \u00bfPoligamia?<\/div>\n<div>10- \u00bfCu\u00e1l habr\u00e1 sido la opini\u00f3n de los\u00a0forjadores originales de la Constituci\u00f3n sobre este asunto?\u00a0\u00bfEs relevante conocer eso?<\/div>\n<div>11- Considera el razonamiento y fundamentos de cada opini\u00f3n.\u00a0\u00a0\u00bfCon\u00a0cu\u00e1l\u00a0usted se identifica m\u00e1s? \u00bfPor qu\u00e9?<\/div>\n","protected":false},"excerpt":{"rendered":"<p>Al estudiar\u00a0las Opiniones en Obergefell v Hodges \u00a0considere las siguientes preguntas. No es necesario que escriba sus contestaciones.\u00a0Basta\u00a0con que piense cuidadosamente en ellas. 1- Si usted fuese a explicar en una oraci\u00f3n el fundamento del caso, \u00bfc\u00f3mo lo\u00a0har\u00eda? 2- \u00bfSeg\u00fan la Opini\u00f3n, c\u00f3mo se\u00a0justifica que funcionarios\u00a0federales puedan\u00a0invalidar\u00a0una determinaci\u00f3n\u00a0de un Estado? 3- De igual manera, \u00bfc\u00f3mo &hellip; <a href=\"http:\/\/elplandehiram.org\/?page_id=1008\" class=\"more-link\">Continue reading <span class=\"screen-reader-text\">Preguntas Gu\u00edas Obergefell v Hodges<\/span> <span class=\"meta-nav\">&rarr;<\/span><\/a><\/p>\n","protected":false},"author":1,"featured_media":0,"parent":1002,"menu_order":0,"comment_status":"closed","ping_status":"closed","template":"","meta":[],"_links":{"self":[{"href":"http:\/\/elplandehiram.org\/index.php?rest_route=\/wp\/v2\/pages\/1008"}],"collection":[{"href":"http:\/\/elplandehiram.org\/index.php?rest_route=\/wp\/v2\/pages"}],"about":[{"href":"http:\/\/elplandehiram.org\/index.php?rest_route=\/wp\/v2\/types\/page"}],"author":[{"embeddable":true,"href":"http:\/\/elplandehiram.org\/index.php?rest_route=\/wp\/v2\/users\/1"}],"replies":[{"embeddable":true,"href":"http:\/\/elplandehiram.org\/index.php?rest_route=%2Fwp%2Fv2%2Fcomments&post=1008"}],"version-history":[{"count":8,"href":"http:\/\/elplandehiram.org\/index.php?rest_route=\/wp\/v2\/pages\/1008\/revisions"}],"predecessor-version":[{"id":1026,"href":"http:\/\/elplandehiram.org\/index.php?rest_route=\/wp\/v2\/pages\/1008\/revisions\/1026"}],"up":[{"embeddable":true,"href":"http:\/\/elplandehiram.org\/index.php?rest_route=\/wp\/v2\/pages\/1002"}],"wp:attachment":[{"href":"http:\/\/elplandehiram.org\/index.php?rest_route=%2Fwp%2Fv2%2Fmedia&parent=1008"}],"curies":[{"name":"wp","href":"https:\/\/api.w.org\/{rel}","templated":true}]}}